{"id":924,"date":"2024-09-19T09:18:57","date_gmt":"2024-09-19T09:18:57","guid":{"rendered":"http:\/\/footfallcounting.com\/?page_id=924"},"modified":"2024-09-19T09:19:45","modified_gmt":"2024-09-19T09:19:45","slug":"terms-and-conditions","status":"publish","type":"page","link":"https:\/\/footfallcounting.com\/index.php\/terms-and-conditions\/","title":{"rendered":"terms and conditions"},"content":{"rendered":"\n<div class=\"wp-block-group alignfull has-base-color has-custom-color-4-background-color has-text-color has-background is-layout-flow wp-block-group-is-layout-flow\" style=\"margin-top:0;margin-bottom:0;padding-top:var(--wp--preset--spacing--40);padding-right:var(--wp--preset--spacing--60);padding-bottom:var(--wp--preset--spacing--40);padding-left:var(--wp--preset--spacing--60)\">\n<h2 class=\"wp-block-heading has-text-align-center is-style-asterisk\">Conditions G\u00e9n\u00e9rales d&rsquo;Utilisation<\/h2>\n\n\n\n<div style=\"height:100px\" aria-hidden=\"true\" class=\"wp-block-spacer\"><\/div>\n\n\n\n<h3 class=\"wp-block-heading has-large-font-size\">1. <strong>Pr\u00e9sentation du site<\/strong><\/h3>\n\n\n\n<p class=\"has-contrast-color has-text-color has-link-color wp-elements-6687ce391c85f1332707304a081b99d6\">Le site est exploit\u00e9 par Eurecam SASU. L&rsquo;acc\u00e8s et l&rsquo;utilisation du Site sont soumis aux pr\u00e9sentes Conditions G\u00e9n\u00e9rales d&rsquo;Utilisation (CGU), ainsi qu&rsquo;aux lois et r\u00e8glements applicables.<\/p>\n\n\n\n<div style=\"height:50px\" aria-hidden=\"true\" class=\"wp-block-spacer\"><\/div>\n\n\n\n<h3 class=\"wp-block-heading has-large-font-size\">2. <strong>Acceptation des CGU<\/strong><\/h3>\n\n\n\n<p class=\"has-contrast-color has-text-color has-link-color wp-elements-b4f3a9777b326c3b363c209403495269\">En acc\u00e9dant au Site, vous acceptez sans r\u00e9serve les pr\u00e9sentes CGU. Si vous ne les acceptez pas, nous vous prions de ne pas utiliser le Site.<\/p>\n\n\n\n<div style=\"height:50px\" aria-hidden=\"true\" class=\"wp-block-spacer\"><\/div>\n\n\n\n<h3 class=\"wp-block-heading has-large-font-size\">3. <strong>Services fournis<\/strong><\/h3>\n\n\n\n<p class=\"has-contrast-color has-text-color has-link-color wp-elements-0732a6dd74a81825340d421e512145a1\">Le Site a pour objet de fournir des informations sur les services et produits propos\u00e9s par Eurecam SASU. Toutes les informations pr\u00e9sentes sur le Site sont fournies \u00e0 titre informatif et peuvent \u00eatre modifi\u00e9es sans pr\u00e9avis.<\/p>\n\n\n\n<div style=\"height:50px\" aria-hidden=\"true\" class=\"wp-block-spacer\"><\/div>\n\n\n\n<h3 class=\"wp-block-heading has-large-font-size\">4. <strong>Acc\u00e8s au Site<\/strong><\/h3>\n\n\n\n<p class=\"has-contrast-color has-text-color has-link-color has-medium-font-size wp-elements-2e0f5f0cbcf45647d0ecf022a83ef4db\">L&rsquo;acc\u00e8s au Site est gratuit. Toutefois, les co\u00fbts d&rsquo;acc\u00e8s et d&rsquo;utilisation du r\u00e9seau de t\u00e9l\u00e9communications restent \u00e0 la charge de l&rsquo;utilisateur. Le Site est accessible 24 heures sur 24, 7 jours sur 7, sauf interruption pour des raisons de maintenance ou de force majeure.<\/p>\n\n\n\n<div style=\"height:50px\" aria-hidden=\"true\" class=\"wp-block-spacer\"><\/div>\n\n\n\n<h3 class=\"wp-block-heading has-large-font-size\">5. <strong>Propri\u00e9t\u00e9 intellectuelle<\/strong><\/h3>\n\n\n\n<p class=\"has-contrast-color has-text-color has-link-color wp-elements-f6d15558655a9499f5c46e883758cfba\">Tous les contenus pr\u00e9sents sur le Site (textes, images, logos, etc.) sont la propri\u00e9t\u00e9 exclusive de Eurecam SASU, sauf mention contraire. Toute reproduction, distribution, modification ou utilisation de ces contenus sans autorisation pr\u00e9alable \u00e9crite est strictement interdite.<\/p>\n\n\n\n<div style=\"height:50px\" aria-hidden=\"true\" class=\"wp-block-spacer\"><\/div>\n\n\n\n<h3 class=\"wp-block-heading has-large-font-size\">6. <strong>Responsabilit\u00e9<\/strong><\/h3>\n\n\n\n<p class=\"has-contrast-color has-text-color has-link-color wp-elements-0a09b294d84dcbb01e07c3eeb00db6f4\">Bien que nous nous efforcions de fournir des informations exactes et mises \u00e0 jour, nous ne pouvons garantir l&rsquo;exactitude, l&rsquo;exhaustivit\u00e9 ou l&rsquo;actualit\u00e9 des informations pr\u00e9sentes sur le Site. Eurecam SASU ne peut \u00eatre tenu responsable des erreurs ou omissions dans les contenus du Site.<\/p>\n\n\n\n<p class=\"has-contrast-color has-text-color has-link-color wp-elements-c2b8117c6c0b4340df467eff3374d149\">Nous ne pouvons \u00eatre tenus responsables des dommages directs ou indirects r\u00e9sultant de l&rsquo;utilisation du Site, y compris en cas d&rsquo;interruption de service, de bogues, ou de tout autre probl\u00e8me technique.<\/p>\n\n\n\n<div style=\"height:50px\" aria-hidden=\"true\" class=\"wp-block-spacer\"><\/div>\n\n\n\n<h3 class=\"wp-block-heading has-large-font-size\">7. <strong>Liens hypertextes<\/strong><\/h3>\n\n\n\n<p class=\"has-contrast-color has-text-color has-link-color wp-elements-a3a3cc07d3fb41f3667987ebd1eaf322\">Le Site peut contenir des liens vers d&rsquo;autres sites web. Nous n&rsquo;exer\u00e7ons aucun contr\u00f4le sur ces sites et ne pouvons \u00eatre tenus responsables de leur contenu ou de leur politique de confidentialit\u00e9. L&rsquo;utilisateur acc\u00e8de \u00e0 ces sites sous sa propre responsabilit\u00e9.<\/p>\n\n\n\n<div style=\"height:50px\" aria-hidden=\"true\" class=\"wp-block-spacer\"><\/div>\n\n\n\n<h3 class=\"wp-block-heading has-large-font-size\">8. <strong>Comportement des utilisateurs<\/strong><\/h3>\n\n\n\n<p class=\"has-contrast-color has-text-color has-link-color wp-elements-4538d0e7b4cd138525cc17ec0bcaa2d0\">En utilisant le Site, vous vous engagez \u00e0 respecter les lois en vigueur et \u00e0 ne pas utiliser le Site de mani\u00e8re \u00e0 nuire \u00e0 son bon fonctionnement. Toute tentative d&rsquo;introduction frauduleuse dans le syst\u00e8me informatique du Site ou d&rsquo;entrave \u00e0 son bon fonctionnement est interdite et pourra faire l&rsquo;objet de poursuites judiciaires.<\/p>\n\n\n\n<div style=\"height:50px\" aria-hidden=\"true\" class=\"wp-block-spacer\"><\/div>\n\n\n\n<h3 class=\"wp-block-heading has-large-font-size\">9. <strong>Modification des CGU<\/strong><\/h3>\n\n\n\n<p class=\"has-contrast-color has-text-color has-link-color wp-elements-f0a24243b346b22c67301730f97cd511\">Nous nous r\u00e9servons le droit de modifier \u00e0 tout moment les pr\u00e9sentes CGU. Les modifications prendront effet d\u00e8s leur publication sur le Site. En continuant \u00e0 utiliser le Site apr\u00e8s la publication des modifications, vous acceptez les nouvelles CGU.<\/p>\n\n\n\n<div style=\"height:50px\" aria-hidden=\"true\" class=\"wp-block-spacer\"><\/div>\n\n\n\n<h3 class=\"wp-block-heading has-large-font-size\">10. <strong>Droit applicable<\/strong><\/h3>\n\n\n\n<p class=\"has-contrast-color has-text-color has-link-color wp-elements-959a28f69812cd338863167c7b5c5e2f\">Les pr\u00e9sentes CGU sont r\u00e9gies par le droit fran\u00e7ais. En cas de litige relatif \u00e0 l&rsquo;interpr\u00e9tation ou l&rsquo;ex\u00e9cution des pr\u00e9sentes, le tribunal de commerce d&rsquo;Evry \/ France sera le seul comp\u00e9tent.<\/p>\n\n\n\n<div style=\"height:50px\" aria-hidden=\"true\" class=\"wp-block-spacer\"><\/div>\n\n\n\n<h3 class=\"wp-block-heading has-large-font-size\">11. <strong>Contact<\/strong><\/h3>\n\n\n\n<p class=\"has-contrast-color has-text-color has-link-color wp-elements-d3ad5db335d109854423ad084f2aad50\">Pour toute question ou demande d&rsquo;information concernant ces CGU, vous pouvez nous contacter \u00e0 :<\/p>\n\n\n\n<ul class=\"wp-block-list has-contrast-color has-text-color has-link-color wp-elements-cee763f206db17a0672fbc6b3b2c76ca\">\n<li>Email : contact@eurecam.net<\/li>\n\n\n\n<li>T\u00e9l\u00e9phone : +33 1 69 28 27 50<\/li>\n\n\n\n<li>Adresse : 6 avenue de Andes, 91940, Les Ulis. France<\/li>\n<\/ul>\n<\/div>\n","protected":false},"excerpt":{"rendered":"","protected":false},"author":1,"featured_media":0,"parent":0,"menu_order":0,"comment_status":"closed","ping_status":"closed","template":"","meta":{"footnotes":""},"class_list":["post-924","page","type-page","status-publish","hentry"],"_links":{"self":[{"href":"https:\/\/footfallcounting.com\/index.php\/wp-json\/wp\/v2\/pages\/924","targetHints":{"allow":["GET"]}}],"collection":[{"href":"https:\/\/footfallcounting.com\/index.php\/wp-json\/wp\/v2\/pages"}],"about":[{"href":"https:\/\/footfallcounting.com\/index.php\/wp-json\/wp\/v2\/types\/page"}],"author":[{"embeddable":true,"href":"https:\/\/footfallcounting.com\/index.php\/wp-json\/wp\/v2\/users\/1"}],"replies":[{"embeddable":true,"href":"https:\/\/footfallcounting.com\/index.php\/wp-json\/wp\/v2\/comments?post=924"}],"version-history":[{"count":2,"href":"https:\/\/footfallcounting.com\/index.php\/wp-json\/wp\/v2\/pages\/924\/revisions"}],"predecessor-version":[{"id":926,"href":"https:\/\/footfallcounting.com\/index.php\/wp-json\/wp\/v2\/pages\/924\/revisions\/926"}],"wp:attachment":[{"href":"https:\/\/footfallcounting.com\/index.php\/wp-json\/wp\/v2\/media?parent=924"}],"curies":[{"name":"wp","href":"https:\/\/api.w.org\/{rel}","templated":true}]}}