{"id":909,"date":"2024-09-19T08:24:10","date_gmt":"2024-09-19T08:24:10","guid":{"rendered":"http:\/\/footfallcounting.com\/?page_id=909"},"modified":"2024-09-23T15:20:22","modified_gmt":"2024-09-23T15:20:22","slug":"privicy-policy","status":"publish","type":"page","link":"https:\/\/footfallcounting.com\/index.php\/privicy-policy\/","title":{"rendered":"privacy policy"},"content":{"rendered":"\n<div class=\"wp-block-group alignfull has-base-color has-custom-color-4-background-color has-text-color has-background is-layout-flow wp-block-group-is-layout-flow\" style=\"margin-top:0;margin-bottom:0;padding-top:var(--wp--preset--spacing--40);padding-right:var(--wp--preset--spacing--60);padding-bottom:var(--wp--preset--spacing--40);padding-left:var(--wp--preset--spacing--60)\">\n<h2 class=\"wp-block-heading has-text-align-center is-style-asterisk\">Politique de confidentialit\u00e9<\/h2>\n\n\n\n<div style=\"height:100px\" aria-hidden=\"true\" class=\"wp-block-spacer\"><\/div>\n\n\n\n<h3 class=\"wp-block-heading has-large-font-size\">1. <strong>Introduction<\/strong><\/h3>\n\n\n\n<p class=\"has-contrast-color has-text-color has-link-color wp-elements-c7f774f5ed1a634cf96ccbda4f3b13cc\">Nous attachons une grande importance \u00e0 la confidentialit\u00e9 et \u00e0 la protection des donn\u00e9es personnelles de nos utilisateurs. Cette politique de confidentialit\u00e9 explique quelles informations nous collectons, comment nous les utilisons, et quels sont vos droits concernant vos donn\u00e9es personnelles.<\/p>\n\n\n\n<div style=\"height:50px\" aria-hidden=\"true\" class=\"wp-block-spacer\"><\/div>\n\n\n\n<h3 class=\"wp-block-heading has-large-font-size\">2. <strong>Donn\u00e9es collect\u00e9es<\/strong><\/h3>\n\n\n\n<p class=\"has-contrast-color has-text-color has-link-color wp-elements-da8e46d693adef3d1dac5a7849107b30\">Nous pouvons collecter et traiter les donn\u00e9es suivantes :<br><\/p>\n\n\n\n<ul class=\"wp-block-list has-contrast-color has-text-color has-link-color wp-elements-166efc4f92a078839020f50db587effc\">\n<li><strong>Informations que vous fournissez directement<\/strong> : Cela inclut des informations telles que votre nom, adresse e-mail, num\u00e9ro de t\u00e9l\u00e9phone, etc., que vous nous communiquez via notre formulaire de contact ou autre interaction directe.<\/li>\n<\/ul>\n\n\n\n<div style=\"height:50px\" aria-hidden=\"true\" class=\"wp-block-spacer\"><\/div>\n\n\n\n<h3 class=\"wp-block-heading has-large-font-size\">3. <strong>Utilisation des donn\u00e9es<\/strong><\/h3>\n\n\n\n<p class=\"has-contrast-color has-text-color has-link-color wp-elements-a842b249e1c3ede6de29804889e07b5b\">Nous utilisons vos donn\u00e9es pour :<\/p>\n\n\n\n<ul class=\"wp-block-list has-contrast-color has-text-color has-link-color wp-elements-3f598e4df7696c83020d835336281566\">\n<li>R\u00e9pondre \u00e0 vos demandes via notre formulaire de contact ;<\/li>\n\n\n\n<li>Am\u00e9liorer notre site et personnaliser votre exp\u00e9rience ;<\/li>\n\n\n\n<li>Analyser les statistiques d\u2019utilisation du site \u00e0 des fins d\u2019am\u00e9lioration.<\/li>\n<\/ul>\n\n\n\n<div style=\"height:50px\" aria-hidden=\"true\" class=\"wp-block-spacer\"><\/div>\n\n\n\n<h3 class=\"wp-block-heading has-large-font-size\">4. <strong>Partage des donn\u00e9es<\/strong><\/h3>\n\n\n\n<p class=\"has-contrast-color has-text-color has-link-color wp-elements-69024aa177d887209a5f3939938ae9cb\">Nous nous engageons \u00e0 ne pas vendre, \u00e9changer, ou louer vos donn\u00e9es personnelles \u00e0 des tiers. Cependant, nous pouvons partager vos donn\u00e9es avec :<br><\/p>\n\n\n\n<ul class=\"wp-block-list has-contrast-color has-text-color has-link-color wp-elements-1fb910d17116d22461fcaa3db8d6de3b\">\n<li><strong>Obligations l\u00e9gales<\/strong> : Si la loi nous y oblige, nous pourrions \u00eatre amen\u00e9s \u00e0 partager vos informations personnelles avec les autorit\u00e9s comp\u00e9tentes.<\/li>\n<\/ul>\n\n\n\n<div style=\"height:50px\" aria-hidden=\"true\" class=\"wp-block-spacer\"><\/div>\n\n\n\n<h3 class=\"wp-block-heading has-large-font-size\">5. <strong>S\u00e9curit\u00e9 des donn\u00e9es<\/strong><\/h3>\n\n\n\n<p class=\"has-contrast-color has-text-color has-link-color wp-elements-abaeead3458a96720abce2a6f327daa1\">Nous mettons en \u0153uvre des mesures de s\u00e9curit\u00e9 techniques et organisationnelles pour prot\u00e9ger vos donn\u00e9es personnelles contre l&rsquo;acc\u00e8s non autoris\u00e9, la divulgation, l&rsquo;alt\u00e9ration ou la destruction.<\/p>\n\n\n\n<div style=\"height:50px\" aria-hidden=\"true\" class=\"wp-block-spacer\"><\/div>\n\n\n\n<h3 class=\"wp-block-heading has-large-font-size\">6. <strong>Vos droits<\/strong><\/h3>\n\n\n\n<p class=\"has-contrast-color has-text-color has-link-color wp-elements-ab125df48da6d928e0bc507524091394\">Vous disposez des droits suivants concernant vos donn\u00e9es personnelles :<\/p>\n\n\n\n<ul class=\"wp-block-list has-contrast-color has-text-color has-link-color wp-elements-b83e79a30071cb48769e4a0b6a61355f\">\n<li><strong>Droit d&rsquo;acc\u00e8s<\/strong> : Vous pouvez demander une copie des donn\u00e9es personnelles que nous d\u00e9tenons \u00e0 votre sujet.<\/li>\n\n\n\n<li><strong>Droit de rectification<\/strong> : Vous pouvez demander la correction de toute donn\u00e9e inexacte ou incompl\u00e8te.<\/li>\n\n\n\n<li><strong>Droit de suppression<\/strong> : Vous pouvez demander la suppression de vos donn\u00e9es personnelles dans certaines conditions.<\/li>\n\n\n\n<li><strong>Droit de retrait du consentement<\/strong> : Si vous avez donn\u00e9 votre consentement pour le traitement de vos donn\u00e9es, vous pouvez le retirer \u00e0 tout moment.<\/li>\n<\/ul>\n\n\n\n<p class=\"has-contrast-color has-text-color has-link-color wp-elements-c5568bb3f3fded7f804d671a338e1ac5\">Pour exercer ces droits, veuillez nous contacter \u00e0 l\u2019adresse suivante : contact@eurecam.net.<\/p>\n\n\n\n<div style=\"height:50px\" aria-hidden=\"true\" class=\"wp-block-spacer\"><\/div>\n\n\n\n<h3 class=\"wp-block-heading has-contrast-color has-text-color has-link-color has-large-font-size wp-elements-d7988a5ce3dbcbb024781a14b8d2e333\">7. <strong>Cookies<\/strong><\/h3>\n\n\n\n<p class=\"has-contrast-color has-text-color has-link-color wp-elements-96c0e078de28f6d5aa34c37e2c526467\">Aucune donn\u00e9e n&rsquo;est collect\u00e9e via cette m\u00e9thode pour notre site en raison de l&rsquo;absence de cookies.<\/p>\n\n\n\n<div style=\"height:50px\" aria-hidden=\"true\" class=\"wp-block-spacer\"><\/div>\n\n\n\n<h3 class=\"wp-block-heading has-large-font-size\">8. <strong>Modifications de la Politique de Confidentialit\u00e9<\/strong><\/h3>\n\n\n\n<p class=\"has-contrast-color has-text-color has-link-color wp-elements-ee2e437de7d824eb7b31edf569029096\">Nous nous r\u00e9servons le droit de modifier cette politique de confidentialit\u00e9 \u00e0 tout moment. Toute modification sera publi\u00e9e sur cette page et, si n\u00e9cessaire, vous en serez inform\u00e9 par e-mail.<\/p>\n\n\n\n<div style=\"height:50px\" aria-hidden=\"true\" class=\"wp-block-spacer\"><\/div>\n\n\n\n<h3 class=\"wp-block-heading has-large-font-size\">9. <strong>Contact<\/strong><\/h3>\n\n\n\n<p class=\"has-contrast-color has-text-color has-link-color wp-elements-455cdf9008d3d01324022db031488670\">Pour toute question relative \u00e0 cette politique de confidentialit\u00e9, veuillez nous contacter \u00e0 :<\/p>\n\n\n\n<ul class=\"wp-block-list has-contrast-color has-text-color has-link-color wp-elements-71bbfd78941566d57ad9c2098776b08c\">\n<li>Email : contact@eurecam.net<\/li>\n\n\n\n<li>T\u00e9l\u00e9phone: +33 1 69 28 27 50<\/li>\n\n\n\n<li>Adresse : 6 avenue des Andes, 91940, Les Ulis. France<\/li>\n<\/ul>\n<\/div>\n","protected":false},"excerpt":{"rendered":"","protected":false},"author":1,"featured_media":0,"parent":0,"menu_order":0,"comment_status":"closed","ping_status":"closed","template":"","meta":{"footnotes":""},"class_list":["post-909","page","type-page","status-publish","hentry"],"_links":{"self":[{"href":"https:\/\/footfallcounting.com\/index.php\/wp-json\/wp\/v2\/pages\/909","targetHints":{"allow":["GET"]}}],"collection":[{"href":"https:\/\/footfallcounting.com\/index.php\/wp-json\/wp\/v2\/pages"}],"about":[{"href":"https:\/\/footfallcounting.com\/index.php\/wp-json\/wp\/v2\/types\/page"}],"author":[{"embeddable":true,"href":"https:\/\/footfallcounting.com\/index.php\/wp-json\/wp\/v2\/users\/1"}],"replies":[{"embeddable":true,"href":"https:\/\/footfallcounting.com\/index.php\/wp-json\/wp\/v2\/comments?post=909"}],"version-history":[{"count":4,"href":"https:\/\/footfallcounting.com\/index.php\/wp-json\/wp\/v2\/pages\/909\/revisions"}],"predecessor-version":[{"id":1003,"href":"https:\/\/footfallcounting.com\/index.php\/wp-json\/wp\/v2\/pages\/909\/revisions\/1003"}],"wp:attachment":[{"href":"https:\/\/footfallcounting.com\/index.php\/wp-json\/wp\/v2\/media?parent=909"}],"curies":[{"name":"wp","href":"https:\/\/api.w.org\/{rel}","templated":true}]}}