{"id":670,"date":"2024-05-15T14:24:16","date_gmt":"2024-05-15T14:24:16","guid":{"rendered":"http:\/\/footfallcounting.com\/?page_id=670"},"modified":"2024-09-24T09:47:48","modified_gmt":"2024-09-24T09:47:48","slug":"about","status":"publish","type":"page","link":"https:\/\/footfallcounting.com\/index.php\/about\/","title":{"rendered":"A propos"},"content":{"rendered":"\n<div class=\"wp-block-group has-custom-color-4-background-color has-background is-layout-flow wp-container-core-group-is-layout-91605283 wp-block-group-is-layout-flow\" style=\"margin-top:0;margin-bottom:0;padding-top:var(--wp--preset--spacing--40);padding-right:var(--wp--preset--spacing--40);padding-bottom:var(--wp--preset--spacing--40);padding-left:var(--wp--preset--spacing--40)\">\n<h2 class=\"wp-block-heading has-text-align-center is-style-asterisk\">\u00c0 PROPOS<\/h2>\n\n\n\n<div style=\"height:var(--wp--preset--spacing--40)\" aria-hidden=\"true\" class=\"wp-block-spacer\"><\/div>\n\n\n\n<div class=\"wp-block-columns are-vertically-aligned-center is-layout-flex wp-container-core-columns-is-layout-28f84493 wp-block-columns-is-layout-flex\">\n<div class=\"wp-block-column is-vertically-aligned-center is-layout-flow wp-block-column-is-layout-flow\" style=\"flex-basis:50%\">\n<div class=\"wp-block-group has-global-padding is-layout-constrained wp-container-core-group-is-layout-1ddbb896 wp-block-group-is-layout-constrained\" style=\"padding-right:var(--wp--preset--spacing--40);padding-left:var(--wp--preset--spacing--40)\">\n<p class=\"has-text-align-center has-contrast-color has-text-color has-link-color wp-elements-d56ac8f6b30301dfbedfa5d9a945f5bc\">L\u2019entreprise <strong><mark style=\"background-color:rgba(0, 0, 0, 0)\" class=\"has-inline-color has-custom-color-1-color\">EURECAM<\/mark><\/strong> a \u00e9t\u00e9 fond\u00e9e en 2005 par deux ing\u00e9nieurs et amis d\u2019enfance. Notre m\u00e9tier est de concevoir et fabriquer des capteurs de comptage de personnes pour diff\u00e9rentes applications&nbsp;: magasins, mus\u00e9es, b\u00e2timents intelligents, a\u00e9roports et bien d\u2019autres encore.<\/p>\n\n\n\n<p class=\"has-text-align-center has-contrast-color has-text-color has-link-color wp-elements-b1e6852e10960a822f7642233c304f49\">Notre engagement est de proposer des produits <strong><mark style=\"background-color:rgba(0, 0, 0, 0)\" class=\"has-inline-color has-custom-color-1-color\">fiables<\/mark><\/strong> et d\u2019une grande <strong><mark style=\"background-color:rgba(0, 0, 0, 0)\" class=\"has-inline-color has-custom-color-1-color\">pr\u00e9cision<\/mark><\/strong> qui <strong><mark style=\"background-color:rgba(0, 0, 0, 0)\" class=\"has-inline-color has-custom-color-1-color\">s\u2019int\u00e8grent<\/mark><\/strong> dans les \u00e9cosyst\u00e8mes que nous adressons.<\/p>\n\n\n\n<p class=\"has-text-align-center has-contrast-color has-text-color has-link-color wp-elements-fe80767652850c023ac6835f2a466869\">L&rsquo;ensemble de notre gamme de capteurs, de l&rsquo;\u00e9lectronique \u00e0 l&rsquo;intelligence embarqu\u00e9e, est donc con\u00e7u au sein de notre p\u00f4le R&amp;D.<br>Bas\u00e9e \u00e0 LES ULIS (Ile-de-France), EURECAM est fi\u00e8re de proposer une gamme de produits <strong><mark style=\"background-color:rgba(0, 0, 0, 0)\" class=\"has-inline-color has-custom-color-1-color\">fabriqu\u00e9e en FRANCE<\/mark><\/strong>.<\/p>\n\n\n\n<p class=\"has-text-align-center has-contrast-color has-text-color has-link-color wp-elements-3487396dab365eadceef826477a711f8\">Gr\u00e2ce \u00e0 notre r\u00e9seau mondial de <strong><mark style=\"background-color:rgba(0, 0, 0, 0)\" class=\"has-inline-color has-custom-color-1-color\">partenaires experts<\/mark><\/strong> (distributeurs et int\u00e9grateurs sp\u00e9cialis\u00e9s), nous sommes implant\u00e9s dans de nombreux pays : Danemark, Espagne, \u00c9tats-Unis, Italie, Royaume-Uni, Tha\u00eflande, etc.<\/p>\n<\/div>\n\n\n\n<div style=\"height:var(--wp--preset--spacing--50)\" aria-hidden=\"true\" class=\"wp-block-spacer\"><\/div>\n<\/div>\n\n\n\n<div class=\"wp-block-column is-vertically-aligned-center is-layout-flow wp-block-column-is-layout-flow\" style=\"flex-basis:50%\">\n<div class=\"wp-block-columns is-layout-flex wp-container-core-columns-is-layout-e80ec5e3 wp-block-columns-is-layout-flex\" style=\"margin-top:0;margin-bottom:0;padding-top:0;padding-right:0;padding-bottom:0;padding-left:0\">\n<div class=\"wp-block-column is-layout-flow wp-container-core-column-is-layout-8a368f38 wp-block-column-is-layout-flow\" style=\"flex-basis:50%\">\n<figure class=\"wp-block-image aligncenter size-large is-resized is-style-rounded is-style-rounded--1\"><img loading=\"lazy\" decoding=\"async\" width=\"1024\" height=\"768\" src=\"https:\/\/footfallcounting.com\/wp-content\/uploads\/SIEGE-DE-TELENOR-3-1024x768.jpg\" alt=\"\" class=\"wp-image-837\" style=\"aspect-ratio:4\/3;object-fit:cover;width:auto;height:300px\" srcset=\"https:\/\/footfallcounting.com\/wp-content\/uploads\/SIEGE-DE-TELENOR-3-1024x768.jpg 1024w, https:\/\/footfallcounting.com\/wp-content\/uploads\/SIEGE-DE-TELENOR-3-300x225.jpg 300w, https:\/\/footfallcounting.com\/wp-content\/uploads\/SIEGE-DE-TELENOR-3-768x576.jpg 768w, https:\/\/footfallcounting.com\/wp-content\/uploads\/SIEGE-DE-TELENOR-3-1536x1152.jpg 1536w, https:\/\/footfallcounting.com\/wp-content\/uploads\/SIEGE-DE-TELENOR-3-2048x1536.jpg 2048w\" sizes=\"auto, (max-width: 1024px) 100vw, 1024px\" \/><\/figure>\n\n\n\n<div style=\"height:var(--wp--preset--spacing--20)\" aria-hidden=\"true\" class=\"wp-block-spacer\"><\/div>\n\n\n\n<figure class=\"wp-block-image aligncenter size-large is-resized is-style-rounded is-style-rounded--2\"><img loading=\"lazy\" decoding=\"async\" width=\"768\" height=\"1024\" src=\"https:\/\/footfallcounting.com\/wp-content\/uploads\/reduite002-768x1024.jpg\" alt=\"\" class=\"wp-image-841\" style=\"aspect-ratio:4\/3;object-fit:cover;width:auto;height:300px\" srcset=\"https:\/\/footfallcounting.com\/wp-content\/uploads\/reduite002-768x1024.jpg 768w, https:\/\/footfallcounting.com\/wp-content\/uploads\/reduite002-225x300.jpg 225w, https:\/\/footfallcounting.com\/wp-content\/uploads\/reduite002-1152x1536.jpg 1152w, https:\/\/footfallcounting.com\/wp-content\/uploads\/reduite002.jpg 1200w\" sizes=\"auto, (max-width: 768px) 100vw, 768px\" \/><\/figure>\n<\/div>\n\n\n\n<div class=\"wp-block-column is-layout-flow wp-container-core-column-is-layout-8a368f38 wp-block-column-is-layout-flow\" style=\"flex-basis:50%\">\n<figure class=\"wp-block-image aligncenter size-large is-resized is-style-rounded is-style-rounded--3\"><img loading=\"lazy\" decoding=\"async\" width=\"768\" height=\"1024\" src=\"https:\/\/footfallcounting.com\/wp-content\/uploads\/SIEGE-DE-TELENOR-4-768x1024.jpg\" alt=\"\" class=\"wp-image-838\" style=\"aspect-ratio:3\/4;object-fit:cover;width:auto;height:625px\" srcset=\"https:\/\/footfallcounting.com\/wp-content\/uploads\/SIEGE-DE-TELENOR-4-768x1024.jpg 768w, https:\/\/footfallcounting.com\/wp-content\/uploads\/SIEGE-DE-TELENOR-4-225x300.jpg 225w, https:\/\/footfallcounting.com\/wp-content\/uploads\/SIEGE-DE-TELENOR-4-1152x1536.jpg 1152w, https:\/\/footfallcounting.com\/wp-content\/uploads\/SIEGE-DE-TELENOR-4-1536x2048.jpg 1536w, https:\/\/footfallcounting.com\/wp-content\/uploads\/SIEGE-DE-TELENOR-4-scaled.jpg 1920w\" sizes=\"auto, (max-width: 768px) 100vw, 768px\" \/><\/figure>\n\n\n\n<div style=\"height:var(--wp--preset--spacing--20)\" aria-hidden=\"true\" class=\"wp-block-spacer\"><\/div>\n<\/div>\n<\/div>\n<\/div>\n<\/div>\n<\/div>\n\n\n\n<div class=\"wp-block-group alignfull has-custom-color-1-gradient-background has-background has-global-padding is-layout-constrained wp-container-core-group-is-layout-522aaaae wp-block-group-is-layout-constrained\" style=\"margin-top:0;margin-bottom:0;padding-top:var(--wp--preset--spacing--40);padding-right:var(--wp--preset--spacing--50);padding-bottom:var(--wp--preset--spacing--50);padding-left:var(--wp--preset--spacing--50)\">\n<h2 class=\"wp-block-heading has-text-align-center is-style-asterisk has-xx-large-font-size\">LES FONDATEURS<\/h2>\n\n\n\n<div style=\"height:var(--wp--preset--spacing--30)\" aria-hidden=\"true\" class=\"wp-block-spacer\"><\/div>\n\n\n\n<div class=\"wp-block-columns alignwide is-layout-flex wp-container-core-columns-is-layout-e9863742 wp-block-columns-is-layout-flex\" style=\"margin-top:0;margin-bottom:0;padding-top:var(--wp--preset--spacing--30);padding-right:var(--wp--preset--spacing--60);padding-bottom:var(--wp--preset--spacing--30);padding-left:var(--wp--preset--spacing--60)\">\n<div class=\"wp-block-column is-layout-flow wp-block-column-is-layout-flow\">\n<figure class=\"wp-block-image aligncenter size-full is-resized is-style-rounded is-style-rounded--4\"><img loading=\"lazy\" decoding=\"async\" width=\"1423\" height=\"2147\" src=\"https:\/\/footfallcounting.com\/wp-content\/uploads\/IMGP1360-1-1.jpg\" alt=\"\" class=\"wp-image-975\" style=\"aspect-ratio:3\/4;object-fit:cover;width:300px\" srcset=\"https:\/\/footfallcounting.com\/wp-content\/uploads\/IMGP1360-1-1.jpg 1423w, https:\/\/footfallcounting.com\/wp-content\/uploads\/IMGP1360-1-1-199x300.jpg 199w, https:\/\/footfallcounting.com\/wp-content\/uploads\/IMGP1360-1-1-679x1024.jpg 679w, https:\/\/footfallcounting.com\/wp-content\/uploads\/IMGP1360-1-1-768x1159.jpg 768w, https:\/\/footfallcounting.com\/wp-content\/uploads\/IMGP1360-1-1-1018x1536.jpg 1018w, https:\/\/footfallcounting.com\/wp-content\/uploads\/IMGP1360-1-1-1357x2048.jpg 1357w\" sizes=\"auto, (max-width: 1423px) 100vw, 1423px\" \/><\/figure>\n\n\n\n<div style=\"height:var(--wp--preset--spacing--30)\" aria-hidden=\"true\" class=\"wp-block-spacer\"><\/div>\n\n\n\n<div class=\"wp-block-group is-vertical is-content-justification-center is-nowrap is-layout-flex wp-container-core-group-is-layout-63bfd6c1 wp-block-group-is-layout-flex\">\n<p class=\"has-text-align-center has-custom-color-4-color has-text-color has-link-color has-small-font-size wp-elements-1061870ab6a5d76700b45cac0754599f\"><strong>Thomas Carriere<\/strong><\/p>\n\n\n\n<p class=\"has-text-align-center has-custom-color-4-color has-text-color has-link-color has-small-font-size wp-elements-9a34ca78d5804252876e7ea40ea633fb\">CEO<\/p>\n<\/div>\n<\/div>\n\n\n\n<div class=\"wp-block-column is-vertically-aligned-center is-layout-flow wp-block-column-is-layout-flow\">\n<figure class=\"wp-block-image aligncenter size-full is-resized is-style-rounded is-style-rounded--5\"><img loading=\"lazy\" decoding=\"async\" width=\"1178\" height=\"1777\" src=\"https:\/\/footfallcounting.com\/wp-content\/uploads\/IMGP1375-2.jpg\" alt=\"\" class=\"wp-image-976\" style=\"aspect-ratio:3\/4;object-fit:cover;width:300px\" srcset=\"https:\/\/footfallcounting.com\/wp-content\/uploads\/IMGP1375-2.jpg 1178w, https:\/\/footfallcounting.com\/wp-content\/uploads\/IMGP1375-2-199x300.jpg 199w, https:\/\/footfallcounting.com\/wp-content\/uploads\/IMGP1375-2-679x1024.jpg 679w, https:\/\/footfallcounting.com\/wp-content\/uploads\/IMGP1375-2-768x1159.jpg 768w, https:\/\/footfallcounting.com\/wp-content\/uploads\/IMGP1375-2-1018x1536.jpg 1018w\" sizes=\"auto, (max-width: 1178px) 100vw, 1178px\" \/><\/figure>\n\n\n\n<div style=\"height:var(--wp--preset--spacing--30)\" aria-hidden=\"true\" class=\"wp-block-spacer\"><\/div>\n\n\n\n<div class=\"wp-block-group is-vertical is-content-justification-center is-nowrap is-layout-flex wp-container-core-group-is-layout-63bfd6c1 wp-block-group-is-layout-flex\">\n<p class=\"has-text-align-center has-custom-color-4-color has-text-color has-link-color has-small-font-size wp-elements-e83fc4f2d71acbabe9c0beb57c8ed16d\"><strong>Benjamin Silvestre<\/strong><\/p>\n\n\n\n<p class=\"has-text-align-center has-custom-color-4-color has-text-color has-link-color has-small-font-size wp-elements-792d189ecb8952e03b54386af90b1f68\">CTO<\/p>\n<\/div>\n<\/div>\n<\/div>\n<\/div>\n\n\n\n<div class=\"wp-block-group has-custom-color-4-background-color has-background is-layout-flow wp-block-group-is-layout-flow\" style=\"padding-top:var(--wp--preset--spacing--40);padding-right:var(--wp--preset--spacing--40);padding-bottom:var(--wp--preset--spacing--40);padding-left:var(--wp--preset--spacing--40)\">\n<h2 class=\"wp-block-heading has-text-align-center is-style-asterisk\">NOS PARTENAIRES<\/h2>\n\n\n\n<div style=\"height:var(--wp--preset--spacing--40)\" aria-hidden=\"true\" class=\"wp-block-spacer\"><\/div>\n\n\n\n<div class=\"wp-block-columns are-vertically-aligned-center has-large-font-size is-layout-flex wp-container-core-columns-is-layout-8696e7c0 wp-block-columns-is-layout-flex\" style=\"padding-right:0;padding-left:0\">\n<div class=\"wp-block-column is-vertically-aligned-center is-layout-flow wp-block-column-is-layout-flow\">\n<figure class=\"wp-block-image aligncenter size-large is-resized wp-duotone-duotone-1\"><img loading=\"lazy\" decoding=\"async\" width=\"1024\" height=\"569\" src=\"https:\/\/footfallcounting.com\/wp-content\/uploads\/sba-1024x569.png\" alt=\"\" class=\"wp-image-689\" style=\"width:auto;height:80px\" srcset=\"https:\/\/footfallcounting.com\/wp-content\/uploads\/sba-1024x569.png 1024w, https:\/\/footfallcounting.com\/wp-content\/uploads\/sba-300x167.png 300w, https:\/\/footfallcounting.com\/wp-content\/uploads\/sba-768x426.png 768w, https:\/\/footfallcounting.com\/wp-content\/uploads\/sba-1536x853.png 1536w, https:\/\/footfallcounting.com\/wp-content\/uploads\/sba.png 1763w\" sizes=\"auto, (max-width: 1024px) 100vw, 1024px\" \/><\/figure>\n<\/div>\n\n\n\n<div class=\"wp-block-column is-vertically-aligned-center is-layout-flow wp-block-column-is-layout-flow\">\n<figure class=\"wp-block-image aligncenter size-full is-resized wp-duotone-duotone-1\"><img loading=\"lazy\" decoding=\"async\" width=\"650\" height=\"275\" src=\"https:\/\/footfallcounting.com\/wp-content\/uploads\/SYSTEMATIC.png\" alt=\"\" class=\"wp-image-688\" style=\"width:auto;height:80px\" srcset=\"https:\/\/footfallcounting.com\/wp-content\/uploads\/SYSTEMATIC.png 650w, https:\/\/footfallcounting.com\/wp-content\/uploads\/SYSTEMATIC-300x127.png 300w\" sizes=\"auto, (max-width: 650px) 100vw, 650px\" \/><\/figure>\n<\/div>\n\n\n\n<div class=\"wp-block-column is-vertically-aligned-center is-layout-flow wp-block-column-is-layout-flow\">\n<figure class=\"wp-block-image aligncenter size-large is-resized wp-duotone-duotone-1\"><img loading=\"lazy\" decoding=\"async\" width=\"1024\" height=\"490\" src=\"https:\/\/footfallcounting.com\/wp-content\/uploads\/logo_paris_saclay_noir-1024x490.png\" alt=\"\" class=\"wp-image-687\" style=\"width:167px;height:auto\" srcset=\"https:\/\/footfallcounting.com\/wp-content\/uploads\/logo_paris_saclay_noir-1024x490.png 1024w, https:\/\/footfallcounting.com\/wp-content\/uploads\/logo_paris_saclay_noir-300x143.png 300w, https:\/\/footfallcounting.com\/wp-content\/uploads\/logo_paris_saclay_noir-768x367.png 768w, https:\/\/footfallcounting.com\/wp-content\/uploads\/logo_paris_saclay_noir.png 1518w\" sizes=\"auto, (max-width: 1024px) 100vw, 1024px\" \/><\/figure>\n<\/div>\n\n\n\n<div class=\"wp-block-column is-vertically-aligned-center is-layout-flow wp-block-column-is-layout-flow\">\n<figure class=\"wp-block-image aligncenter size-full is-resized wp-duotone-duotone-1\"><img loading=\"lazy\" decoding=\"async\" width=\"545\" height=\"285\" src=\"https:\/\/footfallcounting.com\/wp-content\/uploads\/reseau_mesure.png\" alt=\"\" class=\"wp-image-686\" style=\"width:auto;height:80px\" srcset=\"https:\/\/footfallcounting.com\/wp-content\/uploads\/reseau_mesure.png 545w, https:\/\/footfallcounting.com\/wp-content\/uploads\/reseau_mesure-300x157.png 300w\" sizes=\"auto, (max-width: 545px) 100vw, 545px\" \/><\/figure>\n<\/div>\n\n\n\n<div class=\"wp-block-column is-vertically-aligned-center is-layout-flow wp-block-column-is-layout-flow\">\n<figure class=\"wp-block-image aligncenter size-full is-resized wp-duotone-duotone-1\"><img loading=\"lazy\" decoding=\"async\" width=\"800\" height=\"568\" src=\"https:\/\/footfallcounting.com\/wp-content\/uploads\/reseau_entreprendre.png\" alt=\"\" class=\"wp-image-685\" style=\"width:auto;height:80px\" srcset=\"https:\/\/footfallcounting.com\/wp-content\/uploads\/reseau_entreprendre.png 800w, https:\/\/footfallcounting.com\/wp-content\/uploads\/reseau_entreprendre-300x213.png 300w, https:\/\/footfallcounting.com\/wp-content\/uploads\/reseau_entreprendre-768x545.png 768w\" sizes=\"auto, (max-width: 800px) 100vw, 800px\" \/><\/figure>\n<\/div>\n<\/div>\n<\/div>\n","protected":false},"excerpt":{"rendered":"","protected":false},"author":1,"featured_media":0,"parent":0,"menu_order":0,"comment_status":"closed","ping_status":"closed","template":"","meta":{"footnotes":""},"class_list":["post-670","page","type-page","status-publish","hentry"],"_links":{"self":[{"href":"https:\/\/footfallcounting.com\/index.php\/wp-json\/wp\/v2\/pages\/670","targetHints":{"allow":["GET"]}}],"collection":[{"href":"https:\/\/footfallcounting.com\/index.php\/wp-json\/wp\/v2\/pages"}],"about":[{"href":"https:\/\/footfallcounting.com\/index.php\/wp-json\/wp\/v2\/types\/page"}],"author":[{"embeddable":true,"href":"https:\/\/footfallcounting.com\/index.php\/wp-json\/wp\/v2\/users\/1"}],"replies":[{"embeddable":true,"href":"https:\/\/footfallcounting.com\/index.php\/wp-json\/wp\/v2\/comments?post=670"}],"version-history":[{"count":4,"href":"https:\/\/footfallcounting.com\/index.php\/wp-json\/wp\/v2\/pages\/670\/revisions"}],"predecessor-version":[{"id":985,"href":"https:\/\/footfallcounting.com\/index.php\/wp-json\/wp\/v2\/pages\/670\/revisions\/985"}],"wp:attachment":[{"href":"https:\/\/footfallcounting.com\/index.php\/wp-json\/wp\/v2\/media?parent=670"}],"curies":[{"name":"wp","href":"https:\/\/api.w.org\/{rel}","templated":true}]}}