{"id":357,"date":"2024-04-23T10:23:01","date_gmt":"2024-04-23T10:23:01","guid":{"rendered":"http:\/\/footfallcounting.com\/?page_id=357"},"modified":"2024-09-25T14:52:42","modified_gmt":"2024-09-25T14:52:42","slug":"use-cases","status":"publish","type":"page","link":"https:\/\/footfallcounting.com\/index.php\/use-cases\/","title":{"rendered":"use cases"},"content":{"rendered":"\n<div class=\"wp-block-group alignfull is-layout-flow wp-block-group-is-layout-flow\" style=\"margin-top:0;margin-bottom:0;padding-top:0;padding-right:0;padding-bottom:0;padding-left:0\">\n<div class=\"wp-block-group alignwide is-layout-flow wp-container-core-group-is-layout-f4a69ba9 wp-block-group-is-layout-flow\" style=\"margin-top:0;margin-bottom:0\">\n<div class=\"wp-block-cover has-parallax wp-duotone-unset-1\" id=\"caseVente\"><span aria-hidden=\"true\" class=\"wp-block-cover__background has-contrast-background-color has-background-dim\"><\/span><div class=\"wp-block-cover__image-background wp-image-932 has-parallax\" style=\"background-position:50% 50%;background-image:url(https:\/\/footfallcounting.com\/wp-content\/uploads\/shutterstock_617131586-scaled.jpg)\"><\/div><div class=\"wp-block-cover__inner-container is-layout-flow wp-container-core-cover-is-layout-19eabfb7 wp-block-cover-is-layout-flow\">\n<div style=\"height:var(--wp--preset--spacing--30)\" aria-hidden=\"true\" class=\"wp-block-spacer\"><\/div>\n\n\n\n<h2 class=\"wp-block-heading has-text-align-center is-style-default has-custom-color-4-color has-text-color has-link-color wp-elements-3a4907d0159a618f395d618d5161b90c\">CAS D&rsquo;USAGES<\/h2>\n\n\n\n<div class=\"wp-block-group has-global-padding is-content-justification-left is-layout-constrained wp-container-core-group-is-layout-e196ba4c wp-block-group-is-layout-constrained\">\n<h3 class=\"wp-block-heading has-text-align-left is-style-default has-custom-color-4-color has-text-color has-link-color has-x-large-font-size wp-elements-5ea0d4f51afb2942d622dd756287e9ee\">Points de Vente<\/h3>\n\n\n\n<h4 class=\"wp-block-heading has-text-align-left is-style-default has-custom-color-4-color has-text-color has-link-color wp-elements-bc5de6c74e0c52e463af090808b57016\" style=\"font-size:clamp(0.875rem, 0.875rem + ((1vw - 0.2rem) * 0.542), 1.2rem);\">Cha\u00eenes de magasins, boutiques ind\u00e9pendantes, magasins d&rsquo;usine, commerces de proximit\u00e9<\/h4>\n\n\n\n<p class=\"has-base-2-color has-text-color has-link-color wp-elements-5d6d1806819b80d35a69839c4f564d14\" style=\"font-size:clamp(0.875rem, 0.875rem + ((1vw - 0.2rem) * 0.208), 1rem);font-style:normal;font-weight:500\">En plus du chiffre d\u2019affaires, la fr\u00e9quentation de votre \u00e9tablissement est l\u2019un des principaux indicateurs permettant de mesurer l\u2019attractivit\u00e9 de votre enseigne.<br>En mesurant l\u2019affluence, vous pourrez mettre en place les outils ad\u00e9quats pour am\u00e9liorer la performance de votre point de vente.<\/p>\n\n\n\n<p class=\"has-custom-color-4-color has-text-color has-link-color has-medium-font-size wp-elements-0ccb90f38bcd18502f686930e67505df\" style=\"font-style:normal;font-weight:500\">Le comptage de vos clients vous permet notamment de :<\/p>\n\n\n\n<ul style=\"font-size:clamp(0.875rem, 0.875rem + ((1vw - 0.2rem) * 0.208), 1rem);font-style:normal;font-weight:500\" class=\"wp-block-list has-custom-color-4-color has-text-color has-link-color wp-elements-fe8510f42779a70700f7046e1dd0ae37\">\n<li style=\"font-size:clamp(0.875rem, 0.875rem + ((1vw - 0.2rem) * 0.208), 1rem);\">Mesurer le taux de transformation et le taux d\u2019attractivit\u00e9 (comptage vitrine)<\/li>\n\n\n\n<li style=\"font-size:clamp(0.875rem, 0.875rem + ((1vw - 0.2rem) * 0.208), 1rem);\">Adapter vos forces de vente selon les habitudes horaires de votre client\u00e8le<\/li>\n\n\n\n<li style=\"font-size:clamp(0.875rem, 0.875rem + ((1vw - 0.2rem) * 0.208), 1rem);\">Conna\u00eetre le taux de retour sur les investissements r\u00e9alis\u00e9s (travaux, communication, promotion, etc)<\/li>\n\n\n\n<li style=\"font-size:clamp(0.875rem, 0.875rem + ((1vw - 0.2rem) * 0.208), 1rem);\">Suivre dans le temps l&rsquo;\u00e9volution de votre activit\u00e9<\/li>\n<\/ul>\n<\/div>\n\n\n\n<div style=\"height:var(--wp--preset--spacing--40)\" aria-hidden=\"true\" class=\"wp-block-spacer\"><\/div>\n<\/div><\/div>\n\n\n\n<div class=\"wp-block-cover has-parallax wp-duotone-unset-2\" id=\"caseErp\"><span aria-hidden=\"true\" class=\"wp-block-cover__background has-contrast-background-color has-background-dim\"><\/span><div class=\"wp-block-cover__image-background wp-image-213 has-parallax\" style=\"background-position:50% 50%;background-image:url(https:\/\/footfallcounting.com\/wp-content\/uploads\/2024\/04\/pexels-pixabay-208636-scaled.jpg)\"><\/div><div class=\"wp-block-cover__inner-container is-layout-flow wp-container-core-cover-is-layout-19eabfb7 wp-block-cover-is-layout-flow\">\n<div style=\"height:var(--wp--preset--spacing--40)\" aria-hidden=\"true\" class=\"wp-block-spacer\"><\/div>\n\n\n\n<div class=\"wp-block-group has-global-padding is-content-justification-right is-layout-constrained wp-container-core-group-is-layout-715a322d wp-block-group-is-layout-constrained\">\n<h3 class=\"wp-block-heading has-text-align-left is-style-default has-custom-color-4-color has-text-color has-link-color has-x-large-font-size wp-elements-ba1aaa3ee2aebc6a249eea832c5d4e43\">\u00c9tablissements recevant du public (ERP)<\/h3>\n\n\n\n<h4 class=\"wp-block-heading has-text-align-left is-style-default has-base-2-color has-text-color has-link-color wp-elements-a16cf11812bba0506a19e5a475b6c323\" style=\"font-size:clamp(0.875rem, 0.875rem + ((1vw - 0.2rem) * 0.542), 1.2rem);\">Mus\u00e9es, piscines, espaces \u00e9v\u00e9nementiels, immeubles tertiaires, parcs \u00e0 th\u00e8me<\/h4>\n\n\n\n<p class=\"has-text-align-left has-base-2-color has-text-color has-link-color wp-elements-fd39f1f4c675171147b220b34c434d59\" style=\"font-size:clamp(0.875rem, 0.875rem + ((1vw - 0.2rem) * 0.208), 1rem);font-style:normal;font-weight:500\">Les \u00e9tablissements recevant du public (ERP), en fonction de leur superficie et des dispositifs d\u2019\u00e9vacuation, sont contraints de respecter des \u00ab jauges \u00bb de fr\u00e9quentation maximale instantan\u00e9e (FMI). Le comptage des visiteurs \u00e0 l\u2019entr\u00e9e de votre \u00e9tablissement est le seul moyen de conna\u00eetre en temps r\u00e9el l\u2019affluence et de garantir la qualit\u00e9 de l\u2019accueil ainsi que la s\u00e9curit\u00e9 des visiteurs.<\/p>\n\n\n\n<ul style=\"font-style:normal;font-weight:500\" class=\"wp-block-list is-style-default has-base-2-color has-text-color has-link-color has-small-font-size wp-elements-58cc420aae2bed36a744134e7d599e01\">\n<li style=\"font-size:clamp(0.875em, 0.875rem + ((1vw - 0.2em) * 0.208), 1em);\">G\u00e9rer la fr\u00e9quentation en temps r\u00e9el<\/li>\n\n\n\n<li style=\"font-size:clamp(0.875em, 0.875rem + ((1vw - 0.2em) * 0.208), 1em);\">Alerter le personnel de s\u00e9curit\u00e9 en cas de d\u00e9passement de la jauge<\/li>\n\n\n\n<li style=\"font-size:clamp(0.875em, 0.875rem + ((1vw - 0.2em) * 0.208), 1em);\">G\u00e9rer les diff\u00e9rents espaces de votre \u00e9tablissement<\/li>\n\n\n\n<li style=\"font-size:clamp(0.875em, 0.875rem + ((1vw - 0.2em) * 0.208), 1em);\">Analyser la fr\u00e9quentation et l\u2019affluence en fonction des p\u00e9riodes<\/li>\n<\/ul>\n<\/div>\n\n\n\n<div style=\"height:var(--wp--preset--spacing--40)\" aria-hidden=\"true\" class=\"wp-block-spacer\"><\/div>\n<\/div><\/div>\n\n\n\n<div class=\"wp-block-cover has-parallax wp-duotone-unset-3\" id=\"caseBatiment\"><span aria-hidden=\"true\" class=\"wp-block-cover__background has-contrast-background-color has-background-dim\"><\/span><div class=\"wp-block-cover__image-background wp-image-934 has-parallax\" style=\"background-position:50% 50%;background-image:url(https:\/\/footfallcounting.com\/wp-content\/uploads\/shutterstock_2173235165-scaled.jpg)\"><\/div><div class=\"wp-block-cover__inner-container is-layout-flow wp-container-core-cover-is-layout-19eabfb7 wp-block-cover-is-layout-flow\">\n<div style=\"height:var(--wp--preset--spacing--40)\" aria-hidden=\"true\" class=\"wp-block-spacer\"><\/div>\n\n\n\n<div class=\"wp-block-group has-global-padding is-content-justification-left is-layout-constrained wp-container-core-group-is-layout-e196ba4c wp-block-group-is-layout-constrained\">\n<h3 class=\"wp-block-heading has-text-align-left is-style-default has-base-2-color has-text-color has-link-color has-x-large-font-size wp-elements-fe17e1ed4b08a185d95d76f1f0a203e9\">B\u00e2timents Intelligents \u2013 Tertiaires<\/h3>\n\n\n\n<h4 class=\"wp-block-heading has-text-align-left is-style-default has-base-2-color has-text-color has-link-color wp-elements-a7c67b609bc209605e420233afbe9dec\" style=\"font-size:clamp(0.875rem, 0.875rem + ((1vw - 0.2rem) * 0.542), 1.2rem);\">Immeubles de bureaux, espaces de coworking, zones de convivialit\u00e9<\/h4>\n\n\n\n<p class=\"has-base-2-color has-text-color has-link-color wp-elements-37b521964c54864e3bb077db8973c899\" style=\"font-size:clamp(0.875rem, 0.875rem + ((1vw - 0.2rem) * 0.208), 1rem);font-style:normal;font-weight:500\">Conna\u00eetre l\u2019occupation des espaces dans les immeubles de bureaux permet d\u2019en \u00e9tudier le fonctionnement et d\u2019en optimiser l\u2019usage.<\/p>\n\n\n\n<p class=\"has-base-2-color has-text-color has-link-color wp-elements-c96340194111f6c74d5919313677ef72\" style=\"font-size:clamp(0.875rem, 0.875rem + ((1vw - 0.2rem) * 0.208), 1rem);font-style:normal;font-weight:500\">En corr\u00e9lant les donn\u00e9es du b\u00e2timent connect\u00e9, <br>il est d\u00e9sormais possible de :<\/p>\n\n\n\n<ul style=\"font-size:clamp(0.875rem, 0.875rem + ((1vw - 0.2rem) * 0.208), 1rem);font-style:normal;font-weight:500\" class=\"wp-block-list has-base-2-color has-text-color has-link-color wp-elements-81bccf7a1c08611f1284251c073c8947\">\n<li>Optimiser la gestion \u00e9nerg\u00e9tique : pilotage des flux CVC en fonction de l\u2019occupation<\/li>\n\n\n\n<li>\u00c9tudier l\u2019occupation de chaque espace pour en optimiser la surface, notamment pour les salles de r\u00e9unions<\/li>\n\n\n\n<li>Informer les usagers des temps d\u2019attentes et du taux d\u2019occupation des espaces de convivialit\u00e9 : restaurant d\u2019entreprise, salle de sport<\/li>\n\n\n\n<li>Effectuer les op\u00e9rations de maintenance pr\u00e9dictive \u00e0 l\u2019usage et non \u00e0 la p\u00e9riode<\/li>\n\n\n\n<li>Piloter les consommations d\u2019un parc immobilier vs sa fr\u00e9quentation<\/li>\n<\/ul>\n<\/div>\n\n\n\n<div style=\"height:var(--wp--preset--spacing--40)\" aria-hidden=\"true\" class=\"wp-block-spacer\"><\/div>\n<\/div><\/div>\n\n\n\n<div class=\"wp-block-cover has-parallax wp-duotone-unset-4\" id=\"caseCC\"><span aria-hidden=\"true\" class=\"wp-block-cover__background has-contrast-background-color has-background-dim\"><\/span><div class=\"wp-block-cover__image-background wp-image-935 has-parallax\" style=\"background-position:50% 50%;background-image:url(https:\/\/footfallcounting.com\/wp-content\/uploads\/shutterstock_2233612429-scaled.jpg)\"><\/div><div class=\"wp-block-cover__inner-container is-layout-flow wp-container-core-cover-is-layout-19eabfb7 wp-block-cover-is-layout-flow\">\n<div style=\"height:var(--wp--preset--spacing--40)\" aria-hidden=\"true\" class=\"wp-block-spacer\"><\/div>\n\n\n\n<div class=\"wp-block-group has-global-padding is-content-justification-right is-layout-constrained wp-container-core-group-is-layout-715a322d wp-block-group-is-layout-constrained\">\n<h3 class=\"wp-block-heading has-text-align-left is-style-default has-custom-color-4-color has-text-color has-link-color has-x-large-font-size wp-elements-8229e99d459588ee9e63d14007289803\">Centres Commerciaux<\/h3>\n\n\n\n<h4 class=\"wp-block-heading has-text-align-left has-custom-color-4-color has-text-color has-link-color wp-elements-f03bc6ed7881fa9723335e0450bf99e0\" style=\"font-size:clamp(0.875rem, 0.875rem + ((1vw - 0.2rem) * 0.542), 1.2rem);\">Galeries marchandes, villages de marque, grands magasins,<br>hypermarch\u00e9s, retail parks<\/h4>\n\n\n\n<p class=\"has-text-align-left\" style=\"font-size:clamp(0.875rem, 0.875rem + ((1vw - 0.2rem) * 0.208), 1rem);font-style:normal;font-weight:500\">L\u2019attractivit\u00e9 d\u2019un site commercial est directement li\u00e9e \u00e0 sa fr\u00e9quentation. Cette information est donc essentielle pour contr\u00f4ler les flux actuels et anticiper les \u00e9volutions du site comme les \u00e9v\u00e9nements, ou encore les travaux.<\/p>\n\n\n\n<p class=\"has-text-align-left\" style=\"font-size:clamp(0.875rem, 0.875rem + ((1vw - 0.2rem) * 0.208), 1rem);font-style:normal;font-weight:500\">C\u2019est \u00e9galement le seul moyen de justifier aupr\u00e8s des retailers la valeur de leurs locaux. Conna\u00eetre le nombre de visiteurs vous permet de :<\/p>\n\n\n\n<ul style=\"font-size:clamp(0.875rem, 0.875rem + ((1vw - 0.2rem) * 0.208), 1rem);font-style:normal;font-weight:500\" class=\"wp-block-list\">\n<li>Valoriser les baux commerciaux<\/li>\n\n\n\n<li>\u00c9tudier les flux de circulation<\/li>\n\n\n\n<li>Mesurer l&rsquo;impact des campagnes de communication<\/li>\n\n\n\n<li>Analyser par magasin ou point de vente<\/li>\n<\/ul>\n<\/div>\n\n\n\n<div style=\"height:var(--wp--preset--spacing--40)\" aria-hidden=\"true\" class=\"wp-block-spacer\"><\/div>\n<\/div><\/div>\n\n\n\n<div class=\"wp-block-cover has-parallax wp-duotone-unset-5\" id=\"casePublic\"><span aria-hidden=\"true\" class=\"wp-block-cover__background has-contrast-background-color has-background-dim\"><\/span><div class=\"wp-block-cover__image-background wp-image-933 has-parallax\" style=\"background-position:50% 50%;background-image:url(https:\/\/footfallcounting.com\/wp-content\/uploads\/shutterstock_791659237-scaled.jpg)\"><\/div><div class=\"wp-block-cover__inner-container is-layout-flow wp-container-core-cover-is-layout-19eabfb7 wp-block-cover-is-layout-flow\">\n<div style=\"height:var(--wp--preset--spacing--40)\" aria-hidden=\"true\" class=\"wp-block-spacer\"><\/div>\n\n\n\n<div class=\"wp-block-group has-global-padding is-content-justification-left is-layout-constrained wp-container-core-group-is-layout-e196ba4c wp-block-group-is-layout-constrained\">\n<h3 class=\"wp-block-heading has-text-align-left is-style-default has-base-2-color has-text-color has-link-color has-x-large-font-size wp-elements-ea22b3c7b85371443a917505b3366065\">Points d&rsquo;Accueil du Public<\/h3>\n\n\n\n<h4 class=\"wp-block-heading has-text-align-left is-style-default has-base-2-color has-text-color has-link-color wp-elements-bbc17d0f994b3fe0ff5a468cd8a6e335\" style=\"font-size:clamp(0.875rem, 0.875rem + ((1vw - 0.2rem) * 0.542), 1.2rem);\">Office de tourisme, m\u00e9diath\u00e8que, mairie, mus\u00e9e<\/h4>\n\n\n\n<p class=\"has-base-2-color has-text-color has-link-color wp-elements-40debe47b6beebdab29f168cfe10ce46\" style=\"font-size:clamp(0.875rem, 0.875rem + ((1vw - 0.2rem) * 0.208), 1rem);font-style:normal;font-weight:500\">L\u2019indicateur d\u2019affluence est le premier crit\u00e8re de mesure de l\u2019attractivit\u00e9 de votre \u00e9tablissement. C&rsquo;est aussi l&rsquo;indicateur qui permet de mettre en place et d\u2019adapter un sch\u00e9ma d\u2019accueil et de diffusion de l\u2019information pertinent.<\/p>\n\n\n\n<p class=\"has-base-2-color has-text-color has-link-color wp-elements-b0be2e2af990a5b93f4872f0c8a57d6a\" style=\"font-size:clamp(0.875rem, 0.875rem + ((1vw - 0.2rem) * 0.208), 1rem);font-style:normal;font-weight:500\">Le comptage de vos visiteurs vous permet de :<\/p>\n\n\n\n<ul style=\"font-size:clamp(0.875rem, 0.875rem + ((1vw - 0.2rem) * 0.208), 1rem);font-style:normal;font-weight:500\" class=\"wp-block-list has-base-2-color has-text-color has-link-color wp-elements-38eae389fc97d5788e7ddfc7c56d5b86\">\n<li>Organiser votre personnel en fonction de la fr\u00e9quentation en temps r\u00e9el<\/li>\n\n\n\n<li>Structurer votre point d&rsquo;accueil<\/li>\n\n\n\n<li>Mesurer l&rsquo;impact des campagnes de communication<\/li>\n\n\n\n<li>Justifier votre budget et vos demandes de subventions<\/li>\n\n\n\n<li>Disposer d&rsquo;un historique de la fr\u00e9quentation touristique<\/li>\n<\/ul>\n<\/div>\n\n\n\n<div style=\"height:var(--wp--preset--spacing--40)\" aria-hidden=\"true\" class=\"wp-block-spacer\"><\/div>\n<\/div><\/div>\n\n\n\n<div class=\"wp-block-cover has-parallax wp-duotone-unset-6\" id=\"caseTemp\"><span aria-hidden=\"true\" class=\"wp-block-cover__background has-contrast-background-color has-background-dim\"><\/span><div class=\"wp-block-cover__image-background wp-image-214 has-parallax\" style=\"background-position:50% 50%;background-image:url(https:\/\/footfallcounting.com\/wp-content\/uploads\/2024\/04\/pexels-mikky-k-625644-scaled.jpg)\"><\/div><div class=\"wp-block-cover__inner-container is-layout-flow wp-container-core-cover-is-layout-19eabfb7 wp-block-cover-is-layout-flow\">\n<div style=\"height:var(--wp--preset--spacing--40)\" aria-hidden=\"true\" class=\"wp-block-spacer\"><\/div>\n\n\n\n<div class=\"wp-block-group has-global-padding is-content-justification-right is-layout-constrained wp-container-core-group-is-layout-715a322d wp-block-group-is-layout-constrained\">\n<h3 class=\"wp-block-heading has-text-align-left is-style-default has-custom-color-4-color has-text-color has-link-color has-x-large-font-size wp-elements-5428a65c6683a152bcf4cf10a2fb69a6\">Comptage Temporaire<\/h3>\n\n\n\n<h4 class=\"wp-block-heading has-text-align-left is-style-default has-custom-color-4-color has-text-color has-link-color wp-elements-512ecb64b242782491c87516d9effc27\" style=\"font-size:clamp(0.875rem, 0.875rem + ((1vw - 0.2rem) * 0.542), 1.2rem);\">Exposition temporaire, \u00e9v\u00e9nementiel, travaux, \u00e9tude d\u2019implantation<\/h4>\n\n\n\n<p class=\"has-text-align-left\" style=\"font-size:clamp(0.875rem, 0.875rem + ((1vw - 0.2rem) * 0.208), 1rem);font-style:normal;font-weight:500\">L\u2019\u00e9tude des flux de personnes est une donn\u00e9e clef pour l\u2019organisation des \u00e9v\u00e9nements :<\/p>\n\n\n\n<ul style=\"font-size:clamp(0.875rem, 0.875rem + ((1vw - 0.2rem) * 0.208), 1rem);font-style:normal;font-weight:500\" class=\"wp-block-list\">\n<li>Assurer la s\u00e9curit\u00e9 du public (FMI)<\/li>\n\n\n\n<li>Mesurer le succ\u00e8s de l&rsquo;\u00e9v\u00e9nement<\/li>\n\n\n\n<li>Conna\u00eetre le retour sur investissement suite \u00e0 la communication<\/li>\n\n\n\n<li>Am\u00e9liorer l&rsquo;organisation<\/li>\n\n\n\n<li>Solliciter des partenariats<br><br>Plus largement, le comptage temporaire permet de r\u00e9aliser :<\/li>\n\n\n\n<li>La pr\u00e9-\u00e9tude d&rsquo;implantation<\/li>\n\n\n\n<li>L&rsquo;\u00e9valuation d&rsquo;un nouveau concept<\/li>\n<\/ul>\n<\/div>\n\n\n\n<div style=\"height:var(--wp--preset--spacing--40)\" aria-hidden=\"true\" class=\"wp-block-spacer\"><\/div>\n<\/div><\/div>\n\n\n\n<div class=\"wp-block-cover has-parallax wp-duotone-unset-7\" id=\"caseTrans\"><span aria-hidden=\"true\" class=\"wp-block-cover__background has-contrast-background-color has-background-dim\"><\/span><div class=\"wp-block-cover__image-background wp-image-212 has-parallax\" style=\"background-position:50% 50%;background-image:url(https:\/\/footfallcounting.com\/wp-content\/uploads\/2024\/04\/pexels-nata-romualdo-1192438-scaled.jpg)\"><\/div><div class=\"wp-block-cover__inner-container is-layout-flow wp-container-core-cover-is-layout-19eabfb7 wp-block-cover-is-layout-flow\">\n<div style=\"height:var(--wp--preset--spacing--40)\" aria-hidden=\"true\" class=\"wp-block-spacer\"><\/div>\n\n\n\n<div class=\"wp-block-group has-global-padding is-content-justification-left is-layout-constrained wp-container-core-group-is-layout-e196ba4c wp-block-group-is-layout-constrained\">\n<h3 class=\"wp-block-heading has-text-align-left is-style-default has-custom-color-4-color has-text-color has-link-color has-x-large-font-size wp-elements-0b8a0dda023ab3eb4ed4ed33cad3b098\">Gestion des Voyageurs<\/h3>\n\n\n\n<h4 class=\"wp-block-heading has-text-align-left is-style-default has-custom-color-4-color has-text-color has-link-color wp-elements-556311bbf5701d76980a3221fe02d4c1\" style=\"font-size:clamp(0.875rem, 0.875rem + ((1vw - 0.2rem) * 0.542), 1.2rem);\">A\u00e9roports, gares, stations de m\u00e9tro, bus<\/h4>\n\n\n\n<p style=\"font-size:clamp(0.875rem, 0.875rem + ((1vw - 0.2rem) * 0.208), 1rem);font-style:normal;font-weight:500\">La gestion de ce type de site, et leur organisation, d\u00e9pendent beaucoup du nombre de voyageurs.<\/p>\n\n\n\n<p style=\"font-size:clamp(0.875rem, 0.875rem + ((1vw - 0.2rem) * 0.208), 1rem);font-style:normal;font-weight:500\"><br>Cette donn\u00e9e est donc capitale pour:<\/p>\n\n\n\n<ul style=\"font-size:clamp(0.875rem, 0.875rem + ((1vw - 0.2rem) * 0.208), 1rem);font-style:normal;font-weight:500\" class=\"wp-block-list\">\n<li>Am\u00e9liorer la satisfaction des usagers<\/li>\n\n\n\n<li>Planifier les travaux<\/li>\n\n\n\n<li>\u00c9tudier les zones chaudes et les zones froides<\/li>\n\n\n\n<li>Fluidifier les zones d\u2019attente en communiquant avec les usagers<\/li>\n\n\n\n<li>Effectuer les op\u00e9rations de nettoyage en fonction des flux<\/li>\n<\/ul>\n<\/div>\n\n\n\n<div style=\"height:var(--wp--preset--spacing--40)\" aria-hidden=\"true\" class=\"wp-block-spacer\"><\/div>\n<\/div><\/div>\n\n\n\n<div class=\"wp-block-cover has-parallax wp-duotone-unset-8\" id=\"caseAutre\"><span aria-hidden=\"true\" class=\"wp-block-cover__background has-contrast-background-color has-background-dim\"><\/span><div class=\"wp-block-cover__image-background wp-image-215 has-parallax\" style=\"background-position:50% 50%;background-image:url(https:\/\/footfallcounting.com\/wp-content\/uploads\/2024\/04\/pexels-ingo-joseph-9816-scaled.jpg)\"><\/div><div class=\"wp-block-cover__inner-container is-layout-flow wp-container-core-cover-is-layout-19eabfb7 wp-block-cover-is-layout-flow\">\n<div style=\"height:var(--wp--preset--spacing--40)\" aria-hidden=\"true\" class=\"wp-block-spacer\"><\/div>\n\n\n\n<div class=\"wp-block-group has-global-padding is-content-justification-right is-layout-constrained wp-container-core-group-is-layout-715a322d wp-block-group-is-layout-constrained\">\n<h3 class=\"wp-block-heading has-text-align-left is-style-default has-custom-color-4-color has-text-color has-link-color has-x-large-font-size wp-elements-cc6ec39295400f479be3f8a0e9980a13\">Autres<\/h3>\n\n\n\n<p class=\"has-text-align-left\" style=\"font-size:clamp(0.875rem, 0.875rem + ((1vw - 0.2rem) * 0.208), 1rem);font-style:normal;font-weight:500\">Compter les personnes peut s\u2019appliquer \u00e0 une multitude de projets d\u00e8s lors qu\u2019ils impliquent une fr\u00e9quentation par des visiteurs ou usagers.<br><br>Recoup\u00e9e avec d\u2019autres informations, la donn\u00e9e de comptage peut \u00eatre exploitable dans les industries, les transports en commun, ou tous lieux destin\u00e9s \u00e0 accueillir du public.<\/p>\n<\/div>\n\n\n\n<div style=\"height:var(--wp--preset--spacing--40)\" aria-hidden=\"true\" class=\"wp-block-spacer\"><\/div>\n<\/div><\/div>\n<\/div>\n<\/div>\n","protected":false},"excerpt":{"rendered":"","protected":false},"author":1,"featured_media":0,"parent":0,"menu_order":0,"comment_status":"closed","ping_status":"closed","template":"","meta":{"footnotes":""},"class_list":["post-357","page","type-page","status-publish","hentry"],"_links":{"self":[{"href":"https:\/\/footfallcounting.com\/index.php\/wp-json\/wp\/v2\/pages\/357","targetHints":{"allow":["GET"]}}],"collection":[{"href":"https:\/\/footfallcounting.com\/index.php\/wp-json\/wp\/v2\/pages"}],"about":[{"href":"https:\/\/footfallcounting.com\/index.php\/wp-json\/wp\/v2\/types\/page"}],"author":[{"embeddable":true,"href":"https:\/\/footfallcounting.com\/index.php\/wp-json\/wp\/v2\/users\/1"}],"replies":[{"embeddable":true,"href":"https:\/\/footfallcounting.com\/index.php\/wp-json\/wp\/v2\/comments?post=357"}],"version-history":[{"count":2,"href":"https:\/\/footfallcounting.com\/index.php\/wp-json\/wp\/v2\/pages\/357\/revisions"}],"predecessor-version":[{"id":359,"href":"https:\/\/footfallcounting.com\/index.php\/wp-json\/wp\/v2\/pages\/357\/revisions\/359"}],"wp:attachment":[{"href":"https:\/\/footfallcounting.com\/index.php\/wp-json\/wp\/v2\/media?parent=357"}],"curies":[{"name":"wp","href":"https:\/\/api.w.org\/{rel}","templated":true}]}}