{"id":343,"date":"2024-04-23T10:12:34","date_gmt":"2024-04-23T10:12:34","guid":{"rendered":"http:\/\/footfallcounting.com\/?page_id=343"},"modified":"2024-09-25T17:08:40","modified_gmt":"2024-09-25T17:08:40","slug":"technologie","status":"publish","type":"page","link":"https:\/\/footfallcounting.com\/index.php\/technologie\/","title":{"rendered":"technologie"},"content":{"rendered":"\n<div class=\"wp-block-group alignfull is-layout-flow wp-container-core-group-is-layout-5e7bd704 wp-block-group-is-layout-flow\" style=\"padding-top:var(--wp--preset--spacing--40);padding-right:var(--wp--preset--spacing--40);padding-bottom:var(--wp--preset--spacing--40);padding-left:var(--wp--preset--spacing--40)\">\n<h2 class=\"wp-block-heading has-text-align-center is-style-asterisk\">NOTRE TECHNOLOGIE<\/h2>\n\n\n\n<div class=\"wp-block-columns alignwide are-vertically-aligned-center is-layout-flex wp-container-core-columns-is-layout-08c01c1c wp-block-columns-is-layout-flex\">\n<div class=\"wp-block-column is-vertically-aligned-center is-layout-flow wp-block-column-is-layout-flow\" style=\"flex-basis:30%\">\n<div class=\"wp-block-cloudcatch-splide-carousel wp-block-splide-carousel__container\"><figure class=\"wp-block-splide-carousel splide\" data-splide=\"{&quot;type&quot;:&quot;loop&quot;,&quot;perPage&quot;:1,&quot;speed&quot;:&quot;400&quot;,&quot;gap&quot;:&quot;50rem&quot;,&quot;fixedWidth&quot;:&quot;&quot;,&quot;autoWidth&quot;:false,&quot;perMove&quot;:1,&quot;direction&quot;:&quot;rtl&quot;,&quot;fixedHeight&quot;:&quot;&quot;,&quot;height&quot;:&quot;&quot;,&quot;arrows&quot;:false,&quot;pagination&quot;:true,&quot;autoplay&quot;:true,&quot;interval&quot;:&quot;15000&quot;,&quot;pauseOnHover&quot;:false,&quot;mediaQuery&quot;:&quot;max&quot;,&quot;breakpoints&quot;:{}}\" data-splide-extensions=\"{&quot;autoScroll&quot;:false,&quot;urlHash&quot;:false,&quot;grid&quot;:false}\"><div class=\"wp-block-splide-carousel__track splide__track\"><div class=\"wp-block-splide-carousel__list splide__list\">\n<div class=\"wp-block-cloudcatch-splide-carousel-item wp-block-splide-carousel__slide splide__slide is-vertically-aligned-center\">\n<figure class=\"wp-block-image aligncenter size-full\"><img loading=\"lazy\" decoding=\"async\" width=\"483\" height=\"278\" src=\"https:\/\/footfallcounting.com\/wp-content\/uploads\/Image1tetestetesteteste.png\" alt=\"\" class=\"wp-image-821\" style=\"object-fit:cover\" srcset=\"https:\/\/footfallcounting.com\/wp-content\/uploads\/Image1tetestetesteteste.png 483w, https:\/\/footfallcounting.com\/wp-content\/uploads\/Image1tetestetesteteste-300x173.png 300w\" sizes=\"auto, (max-width: 483px) 100vw, 483px\" \/><\/figure>\n<\/div>\n\n\n\n<div class=\"wp-block-cloudcatch-splide-carousel-item wp-block-splide-carousel__slide splide__slide is-vertically-aligned-center\">\n<figure class=\"wp-block-image aligncenter size-full\"><img loading=\"lazy\" decoding=\"async\" width=\"2956\" height=\"3941\" src=\"https:\/\/footfallcounting.com\/wp-content\/uploads\/IMG_5614-avec-arriere-plan-supprime.png\" alt=\"\" class=\"wp-image-817\" style=\"object-fit:cover\" srcset=\"https:\/\/footfallcounting.com\/wp-content\/uploads\/IMG_5614-avec-arriere-plan-supprime.png 2956w, https:\/\/footfallcounting.com\/wp-content\/uploads\/IMG_5614-avec-arriere-plan-supprime-225x300.png 225w, https:\/\/footfallcounting.com\/wp-content\/uploads\/IMG_5614-avec-arriere-plan-supprime-768x1024.png 768w, https:\/\/footfallcounting.com\/wp-content\/uploads\/IMG_5614-avec-arriere-plan-supprime-1152x1536.png 1152w, https:\/\/footfallcounting.com\/wp-content\/uploads\/IMG_5614-avec-arriere-plan-supprime-1536x2048.png 1536w\" sizes=\"auto, (max-width: 2956px) 100vw, 2956px\" \/><\/figure>\n<\/div>\n\n\n\n<div class=\"wp-block-cloudcatch-splide-carousel-item wp-block-splide-carousel__slide splide__slide is-vertically-aligned-center\">\n<figure class=\"wp-block-image aligncenter size-full is-resized\"><img loading=\"lazy\" decoding=\"async\" width=\"249\" height=\"836\" src=\"https:\/\/footfallcounting.com\/wp-content\/uploads\/2024\/04\/Comptipix-3D-e1713434889214.png\" alt=\"\" class=\"wp-image-36\" style=\"width:auto;height:500px\" srcset=\"https:\/\/footfallcounting.com\/wp-content\/uploads\/2024\/04\/Comptipix-3D-e1713434889214.png 249w, https:\/\/footfallcounting.com\/wp-content\/uploads\/2024\/04\/Comptipix-3D-e1713434889214-89x300.png 89w\" sizes=\"auto, (max-width: 249px) 100vw, 249px\" \/><\/figure>\n<\/div>\n\n\n\n<div class=\"wp-block-cloudcatch-splide-carousel-item wp-block-splide-carousel__slide splide__slide is-vertically-aligned-center\">\n<figure class=\"wp-block-image aligncenter size-large\"><img loading=\"lazy\" decoding=\"async\" width=\"1024\" height=\"521\" src=\"https:\/\/footfallcounting.com\/wp-content\/uploads\/2024\/04\/eurecam_comptipix3D-SENSOR_RANGE_s-e1713528954987-1024x521.png\" alt=\"\" class=\"wp-image-201\" style=\"object-fit:cover\" srcset=\"https:\/\/footfallcounting.com\/wp-content\/uploads\/2024\/04\/eurecam_comptipix3D-SENSOR_RANGE_s-e1713528954987-1024x521.png 1024w, https:\/\/footfallcounting.com\/wp-content\/uploads\/2024\/04\/eurecam_comptipix3D-SENSOR_RANGE_s-e1713528954987-300x153.png 300w, https:\/\/footfallcounting.com\/wp-content\/uploads\/2024\/04\/eurecam_comptipix3D-SENSOR_RANGE_s-e1713528954987-768x391.png 768w, https:\/\/footfallcounting.com\/wp-content\/uploads\/2024\/04\/eurecam_comptipix3D-SENSOR_RANGE_s-e1713528954987.png 1200w\" sizes=\"auto, (max-width: 1024px) 100vw, 1024px\" \/><\/figure>\n<\/div>\n<\/div><\/div><\/figure><\/div>\n<\/div>\n\n\n\n<div class=\"wp-block-column is-vertically-aligned-center is-layout-flow wp-container-core-column-is-layout-119bc444 wp-block-column-is-layout-flow\" style=\"flex-basis:70%\">\n<div class=\"wp-block-columns is-layout-flex wp-container-core-columns-is-layout-65e523f9 wp-block-columns-is-layout-flex\">\n<div class=\"wp-block-column is-layout-flow wp-block-column-is-layout-flow\" style=\"flex-basis:50%\">\n<div class=\"wp-block-group is-vertical is-content-justification-left is-nowrap is-layout-flex wp-container-core-group-is-layout-970da055 wp-block-group-is-layout-flex\">\n<p style=\"font-style:normal;font-weight:500\"><strong>Description<\/strong><\/p>\n\n\n\n<p>Notre capteur de comptage est bas\u00e9 sur l&rsquo;analyse 3D ou st\u00e9r\u00e9oscopie. Il permet de mesurer les flux pi\u00e9tons pour obtenir des donn\u00e9es pr\u00e9cises de fr\u00e9quentation.<br><\/p>\n\n\n\n<p>Gr\u00e2ce \u00e0 ces mesures de flux, vous pouvez d\u00e9sormais \u00e9tudier l\u2019occupation de vos espaces \u00e0 des fins d\u2019optimisation des surfaces.<br><\/p>\n<\/div>\n<\/div>\n\n\n\n<div class=\"wp-block-column is-layout-flow wp-block-column-is-layout-flow\" style=\"flex-basis:50%\">\n<div class=\"wp-block-group is-vertical is-nowrap is-layout-flex wp-container-core-group-is-layout-3655d5c7 wp-block-group-is-layout-flex\">\n<p style=\"font-style:normal;font-weight:500\"><strong>Technologie<\/strong><\/p>\n\n\n\n<p>La st\u00e9r\u00e9o-vision permet de reconstituer en temps r\u00e9el une carte de hauteur. Les volumes, ainsi repr\u00e9sent\u00e9s, sont trait\u00e9s par nos algorithmes pour un comptage de haute pr\u00e9cision.<br><\/p>\n\n\n\n<ul class=\"wp-block-list\">\n<li>Filtrage de hauteur adultes \/ enfants<\/li>\n\n\n\n<li>Pas d\u2019influence des ombres ou du soleil<\/li>\n\n\n\n<li>Filtre les objets (poussettes, valises, chariots)<\/li>\n\n\n\n<li>Fonctionne dans l\u2019obscurit\u00e9 avec projecteur IR (Infrarouge)<\/li>\n<\/ul>\n<\/div>\n<\/div>\n<\/div>\n\n\n\n<div class=\"wp-block-columns is-layout-flex wp-container-core-columns-is-layout-65e523f9 wp-block-columns-is-layout-flex\">\n<div class=\"wp-block-column is-layout-flow wp-block-column-is-layout-flow\" style=\"flex-basis:50%\">\n<div class=\"wp-block-group is-vertical is-nowrap is-layout-flex wp-container-core-group-is-layout-3655d5c7 wp-block-group-is-layout-flex\">\n<p style=\"font-style:normal;font-weight:500\"><strong>Interfa\u00e7age<\/strong><\/p>\n\n\n\n<p>Aliment\u00e9 en PoE (Power Over Ethernet), notre capteur s\u2019interfacera facilement \u00e0 votre syst\u00e8me d\u2019information ou votre \u00e9cosyst\u00e8me.<br><\/p>\n\n\n\n<p>De multiples protocoles vous permettront d\u2019interfacer le capteur, notamment \u00e0 l\u2019aide d\u2019une API REST, Modbus ou encore en utilisant la connectivit\u00e9 LoRaWAN.<\/p>\n<\/div>\n<\/div>\n\n\n\n<div class=\"wp-block-column is-layout-flow wp-block-column-is-layout-flow\" style=\"flex-basis:50%\">\n<div class=\"wp-block-group is-vertical is-nowrap is-layout-flex wp-container-core-group-is-layout-3655d5c7 wp-block-group-is-layout-flex\">\n<p style=\"font-style:normal;font-weight:500\"><strong>Design<\/strong><\/p>\n\n\n\n<p>Notre capteur de comptage existe dans diff\u00e9rentes d\u00e9clinaisons pour l\u2019adapter aux contraintes esth\u00e9tiques et techniques : couleur, version encastrable, version \u00e9tanche.<\/p>\n<\/div>\n<\/div>\n<\/div>\n<\/div>\n<\/div>\n<\/div>\n\n\n\n<div class=\"wp-block-group has-base-2-background-color has-background is-layout-flow wp-container-core-group-is-layout-095f23dd wp-block-group-is-layout-flow\" style=\"padding-top:var(--wp--preset--spacing--40);padding-right:var(--wp--preset--spacing--30);padding-bottom:var(--wp--preset--spacing--40);padding-left:var(--wp--preset--spacing--30)\">\n<h2 class=\"wp-block-heading has-text-align-center is-style-asterisk\">LES SP\u00c9CIFICIT\u00c9S<\/h2>\n\n\n\n<div style=\"height:var(--wp--preset--spacing--10)\" aria-hidden=\"true\" class=\"wp-block-spacer\"><\/div>\n\n\n\n<div class=\"wp-block-columns are-vertically-aligned-center is-layout-flex wp-container-core-columns-is-layout-28f84493 wp-block-columns-is-layout-flex\">\n<div class=\"wp-block-column is-vertically-aligned-center is-layout-flow wp-block-column-is-layout-flow\" style=\"flex-basis:20%\">\n<figure class=\"wp-block-image aligncenter size-full is-resized\"><img loading=\"lazy\" decoding=\"async\" width=\"134\" height=\"134\" src=\"https:\/\/footfallcounting.com\/wp-content\/uploads\/2024\/04\/SITE3D_icone_api-2.png\" alt=\"\" class=\"wp-image-292\" style=\"width:64px\"\/><\/figure>\n<\/div>\n\n\n\n<div class=\"wp-block-column is-vertically-aligned-center is-layout-flow wp-block-column-is-layout-flow\" style=\"flex-basis:80%\">\n<p class=\"has-contrast-color has-text-color has-link-color wp-elements-aebd678cc0bb9f4fe0138c006524469f\">Notre technologie est fournie avec une <strong><mark style=\"background-color:rgba(0, 0, 0, 0)\" class=\"has-inline-color has-custom-color-1-color\">API<\/mark><\/strong> offrant un large choix de solutions aux int\u00e9grateurs<\/p>\n<\/div>\n<\/div>\n\n\n\n<div class=\"wp-block-columns are-vertically-aligned-center is-layout-flex wp-container-core-columns-is-layout-28f84493 wp-block-columns-is-layout-flex\">\n<div class=\"wp-block-column is-vertically-aligned-center is-layout-flow wp-block-column-is-layout-flow\" style=\"flex-basis:20%\">\n<figure class=\"wp-block-image aligncenter size-full is-resized\"><img loading=\"lazy\" decoding=\"async\" width=\"420\" height=\"420\" src=\"https:\/\/footfallcounting.com\/wp-content\/uploads\/2024\/04\/SITE3D_icone_lora-2.png\" alt=\"\" class=\"wp-image-293\" style=\"width:64px\" srcset=\"https:\/\/footfallcounting.com\/wp-content\/uploads\/2024\/04\/SITE3D_icone_lora-2.png 420w, https:\/\/footfallcounting.com\/wp-content\/uploads\/2024\/04\/SITE3D_icone_lora-2-300x300.png 300w, https:\/\/footfallcounting.com\/wp-content\/uploads\/2024\/04\/SITE3D_icone_lora-2-150x150.png 150w\" sizes=\"auto, (max-width: 420px) 100vw, 420px\" \/><\/figure>\n<\/div>\n\n\n\n<div class=\"wp-block-column is-vertically-aligned-center is-layout-flow wp-block-column-is-layout-flow\" style=\"flex-basis:80%\">\n<p class=\"has-contrast-color has-text-color has-link-color wp-elements-d36e11204070c1291db6f1c334a45095\">Connectivit\u00e9 sans fil <strong><mark style=\"background-color:rgba(0, 0, 0, 0)\" class=\"has-inline-color has-custom-color-1-color\">LoRaWAN<\/mark><\/strong> disponible<\/p>\n<\/div>\n<\/div>\n\n\n\n<div class=\"wp-block-columns are-vertically-aligned-center is-layout-flex wp-container-core-columns-is-layout-28f84493 wp-block-columns-is-layout-flex\">\n<div class=\"wp-block-column is-vertically-aligned-center is-layout-flow wp-block-column-is-layout-flow\" style=\"flex-basis:20%\">\n<figure class=\"wp-block-image aligncenter size-full is-resized\"><img loading=\"lazy\" decoding=\"async\" width=\"134\" height=\"134\" src=\"https:\/\/footfallcounting.com\/wp-content\/uploads\/2024\/04\/SITE3D_icone_power.png\" alt=\"\" class=\"wp-image-302\" style=\"width:64px\"\/><\/figure>\n<\/div>\n\n\n\n<div class=\"wp-block-column is-vertically-aligned-center is-layout-flow wp-block-column-is-layout-flow\" style=\"flex-basis:80%\">\n<p class=\"has-contrast-color has-text-color has-link-color wp-elements-60c771fac723364e218a5154b3e8e5af\">Capteur \u00e0 <strong><mark style=\"background-color:rgba(0, 0, 0, 0)\" class=\"has-inline-color has-custom-color-1-color\">faible consommation<\/mark><\/strong> (3W)<\/p>\n<\/div>\n<\/div>\n\n\n\n<div class=\"wp-block-columns are-vertically-aligned-center is-layout-flex wp-container-core-columns-is-layout-28f84493 wp-block-columns-is-layout-flex\">\n<div class=\"wp-block-column is-vertically-aligned-center is-layout-flow wp-block-column-is-layout-flow\" style=\"flex-basis:20%\">\n<figure class=\"wp-block-image aligncenter size-full is-resized\"><img loading=\"lazy\" decoding=\"async\" width=\"134\" height=\"134\" src=\"https:\/\/footfallcounting.com\/wp-content\/uploads\/2024\/04\/SITE3D_icone_exchange-2.png\" alt=\"\" class=\"wp-image-290\" style=\"width:64px\"\/><\/figure>\n<\/div>\n\n\n\n<div class=\"wp-block-column is-vertically-aligned-center is-layout-flow wp-block-column-is-layout-flow\" style=\"flex-basis:80%\">\n<p class=\"has-contrast-color has-text-color has-link-color wp-elements-686ed2c049f2340c34dfb90ef1b15079\">Communications s\u00e9curis\u00e9es<strong><mark style=\"background-color:rgba(0, 0, 0, 0)\" class=\"has-inline-color has-custom-color-1-color\"> <\/mark><\/strong>compatibles avec de <strong><mark style=\"background-color:rgba(0, 0, 0, 0)\" class=\"has-inline-color has-custom-color-1-color\">nombreux protocoles <\/mark><\/strong>de donn\u00e9es (HTTPs, FTPes, MQTTs)<\/p>\n<\/div>\n<\/div>\n\n\n\n<div class=\"wp-block-columns are-vertically-aligned-center is-layout-flex wp-container-core-columns-is-layout-28f84493 wp-block-columns-is-layout-flex\">\n<div class=\"wp-block-column is-vertically-aligned-center is-layout-flow wp-block-column-is-layout-flow\" style=\"flex-basis:20%\">\n<figure class=\"wp-block-image aligncenter size-full is-resized\"><img loading=\"lazy\" decoding=\"async\" width=\"134\" height=\"134\" src=\"https:\/\/footfallcounting.com\/wp-content\/uploads\/2024\/04\/SITE3D_icone_remote.png\" alt=\"\" class=\"wp-image-300\" style=\"width:64px\"\/><\/figure>\n<\/div>\n\n\n\n<div class=\"wp-block-column is-vertically-aligned-center is-layout-flow wp-block-column-is-layout-flow\" style=\"flex-basis:80%\">\n<p class=\"has-contrast-color has-text-color has-link-color wp-elements-dea29dc506c14d99589860e559f84a10\">Configuration et gestion optionnelles des capteurs \u00e0 distance via notre <strong><mark style=\"background-color:rgba(0, 0, 0, 0)\" class=\"has-inline-color has-custom-color-1-color\">plateforme de supervision<\/mark><\/strong><\/p>\n<\/div>\n<\/div>\n<\/div>\n\n\n\n<div class=\"wp-block-group has-base-2-color has-contrast-background-color has-text-color has-background has-link-color wp-elements-0ab458af1fc6749066b865afb82477ad is-layout-flow wp-container-core-group-is-layout-a0a08504 wp-block-group-is-layout-flow\" style=\"padding-top:var(--wp--preset--spacing--40);padding-right:var(--wp--preset--spacing--60);padding-bottom:var(--wp--preset--spacing--40);padding-left:var(--wp--preset--spacing--60)\">\n<h2 class=\"wp-block-heading has-text-align-center is-style-asterisk has-base-2-color has-text-color has-link-color wp-elements-9c6d9b79dcc56e6227cd4d0e5183b939\">FONCTIONNALIT\u00c9S<\/h2>\n\n\n\n<div style=\"height:var(--wp--preset--spacing--10)\" aria-hidden=\"true\" class=\"wp-block-spacer\"><\/div>\n\n\n\n<div class=\"wp-block-group is-vertical is-content-justification-center is-layout-flex wp-container-core-group-is-layout-88b72a99 wp-block-group-is-layout-flex\" style=\"margin-top:0;margin-bottom:0;padding-right:0;padding-left:0\">\n<figure class=\"wp-block-image size-full is-resized\"><img loading=\"lazy\" decoding=\"async\" width=\"500\" height=\"400\" src=\"https:\/\/footfallcounting.com\/wp-content\/uploads\/2024\/04\/CPX3D_API.png\" alt=\"\" class=\"wp-image-264\" style=\"width:280px\" srcset=\"https:\/\/footfallcounting.com\/wp-content\/uploads\/2024\/04\/CPX3D_API.png 500w, https:\/\/footfallcounting.com\/wp-content\/uploads\/2024\/04\/CPX3D_API-300x240.png 300w\" sizes=\"auto, (max-width: 500px) 100vw, 500px\" \/><\/figure>\n\n\n\n<h4 class=\"wp-block-heading has-text-align-center has-custom-color-1-color has-text-color has-link-color has-x-large-font-size wp-elements-e3967bce34cb70002221d35b7ac3063f\">Jauge de pr\u00e9sence<\/h4>\n\n\n\n<p class=\"has-text-align-center\">Le capteur permet d&rsquo;afficher une jauge d\u2019occupation en temps r\u00e9el sur des \u00e9crans<\/p>\n<\/div>\n\n\n\n<div style=\"height:var(--wp--preset--spacing--40)\" aria-hidden=\"true\" class=\"wp-block-spacer\"><\/div>\n\n\n\n<div class=\"wp-block-group is-vertical is-content-justification-center is-layout-flex wp-container-core-group-is-layout-88b72a99 wp-block-group-is-layout-flex\" style=\"margin-top:0;margin-bottom:0;padding-right:0;padding-left:0\">\n<figure class=\"wp-block-image size-full is-resized\"><img loading=\"lazy\" decoding=\"async\" width=\"134\" height=\"134\" src=\"https:\/\/footfallcounting.com\/wp-content\/uploads\/2024\/04\/SITE3D_icone_exchange-1.png\" alt=\"\" class=\"wp-image-286\" style=\"width:150px;height:auto\"\/><\/figure>\n\n\n\n<h4 class=\"wp-block-heading has-text-align-center has-custom-color-1-color has-text-color has-link-color has-x-large-font-size wp-elements-268513a4deaced8ff7b2ce07bcdb1e4c\">Int\u00e9gration plateforme cloud<\/h4>\n\n\n\n<p class=\"has-text-align-center\">Les donn\u00e9es sont compatibles avec la plupart des services Cloud tels qu\u2019Amazon AWS et Microsoft Azur<\/p>\n<\/div>\n\n\n\n<div style=\"height:var(--wp--preset--spacing--40)\" aria-hidden=\"true\" class=\"wp-block-spacer\"><\/div>\n\n\n\n<div class=\"wp-block-group is-vertical is-content-justification-center is-layout-flex wp-container-core-group-is-layout-88b72a99 wp-block-group-is-layout-flex\" style=\"margin-top:0;margin-bottom:0;padding-right:0;padding-left:0\">\n<figure class=\"wp-block-image size-full is-resized\"><img loading=\"lazy\" decoding=\"async\" width=\"500\" height=\"400\" src=\"https:\/\/footfallcounting.com\/wp-content\/uploads\/2024\/04\/CPX3D_API.png\" alt=\"\" class=\"wp-image-264\" style=\"width:280px\" srcset=\"https:\/\/footfallcounting.com\/wp-content\/uploads\/2024\/04\/CPX3D_API.png 500w, https:\/\/footfallcounting.com\/wp-content\/uploads\/2024\/04\/CPX3D_API-300x240.png 300w\" sizes=\"auto, (max-width: 500px) 100vw, 500px\" \/><\/figure>\n\n\n\n<h4 class=\"wp-block-heading has-text-align-center has-custom-color-1-color has-text-color has-link-color has-x-large-font-size wp-elements-e9ed492cc1774d37954f12438b9355eb\">Int\u00e9gration plateforme IOT (Int\u00e9grateurs)<\/h4>\n\n\n\n<p class=\"has-text-align-center\">Un panel de protocoles de communication (API Rest, MQTTs, ModBus IP, LoRaWAN) permet aux int\u00e9grateurs de s\u2019interfacer facilement avec les solutions IOT&nbsp; (Internet des Objets)<\/p>\n<\/div>\n\n\n\n<div style=\"height:var(--wp--preset--spacing--40)\" aria-hidden=\"true\" class=\"wp-block-spacer\"><\/div>\n\n\n\n<div class=\"wp-block-group is-vertical is-content-justification-center is-layout-flex wp-container-core-group-is-layout-dbcb2323 wp-block-group-is-layout-flex\" style=\"padding-right:0;padding-left:0\">\n<figure class=\"wp-block-image size-full is-resized\"><img loading=\"lazy\" decoding=\"async\" width=\"500\" height=\"500\" src=\"https:\/\/footfallcounting.com\/wp-content\/uploads\/ir40.png\" alt=\"\" class=\"wp-image-823\" style=\"width:150px\" srcset=\"https:\/\/footfallcounting.com\/wp-content\/uploads\/ir40.png 500w, https:\/\/footfallcounting.com\/wp-content\/uploads\/ir40-300x300.png 300w, https:\/\/footfallcounting.com\/wp-content\/uploads\/ir40-150x150.png 150w\" sizes=\"auto, (max-width: 500px) 100vw, 500px\" \/><\/figure>\n\n\n\n<h4 class=\"wp-block-heading has-text-align-center has-custom-color-1-color has-text-color has-link-color has-x-large-font-size wp-elements-9a7735a3e390ca5976ef5dfefbd64fcd\">\u00c9clairage Infrarouge<\/h4>\n\n\n\n<p class=\"has-text-align-center\">Notre technologie fonctionne dans l&rsquo;obscurit\u00e9 avec un \u00e9clairage IR (non fourni)<\/p>\n<\/div>\n<\/div>\n","protected":false},"excerpt":{"rendered":"","protected":false},"author":1,"featured_media":0,"parent":0,"menu_order":0,"comment_status":"closed","ping_status":"closed","template":"","meta":{"footnotes":""},"class_list":["post-343","page","type-page","status-publish","hentry"],"_links":{"self":[{"href":"https:\/\/footfallcounting.com\/index.php\/wp-json\/wp\/v2\/pages\/343","targetHints":{"allow":["GET"]}}],"collection":[{"href":"https:\/\/footfallcounting.com\/index.php\/wp-json\/wp\/v2\/pages"}],"about":[{"href":"https:\/\/footfallcounting.com\/index.php\/wp-json\/wp\/v2\/types\/page"}],"author":[{"embeddable":true,"href":"https:\/\/footfallcounting.com\/index.php\/wp-json\/wp\/v2\/users\/1"}],"replies":[{"embeddable":true,"href":"https:\/\/footfallcounting.com\/index.php\/wp-json\/wp\/v2\/comments?post=343"}],"version-history":[{"count":8,"href":"https:\/\/footfallcounting.com\/index.php\/wp-json\/wp\/v2\/pages\/343\/revisions"}],"predecessor-version":[{"id":1060,"href":"https:\/\/footfallcounting.com\/index.php\/wp-json\/wp\/v2\/pages\/343\/revisions\/1060"}],"wp:attachment":[{"href":"https:\/\/footfallcounting.com\/index.php\/wp-json\/wp\/v2\/media?parent=343"}],"curies":[{"name":"wp","href":"https:\/\/api.w.org\/{rel}","templated":true}]}}